{"id":1680,"date":"2025-11-13T11:41:37","date_gmt":"2025-11-13T11:41:37","guid":{"rendered":"https:\/\/ducanovanilla.com\/?page_id=1680"},"modified":"2025-11-13T12:26:20","modified_gmt":"2025-11-13T12:26:20","slug":"code-of-conduct","status":"publish","type":"page","link":"https:\/\/ducanovanilla.com\/de\/code-of-conduct\/","title":{"rendered":"Verhaltenskodex"},"content":{"rendered":"<a href=\"https:\/\/ducanovanilla.com\/wp-content\/uploads\/2025\/11\/Code_of_Conduct-DUCANO-AB.pdf\" target=\"_blank\" class=\"button primary is-underline\" rel=\"noopener\" >\n\t\t<span>Herunterladen<\/span>\n\t<\/a>\n\n<h1 data-start=\"152\" data-end=\"194\"><strong data-start=\"154\" data-end=\"194\">Ducano AB - Verhaltenskodex f\u00fcr Lieferanten<\/strong><\/h1>\n<p data-start=\"196\" data-end=\"470\">Ducano AB ist ein schwedisches Unternehmen, das sich auf die Beschaffung, die Verarbeitung und den Vertrieb hochwertiger Vanille aus Madagaskar und anderen Ursprungsl\u00e4ndern spezialisiert hat.<br data-start=\"336\" data-end=\"339\" \/>Wir verpflichten uns, unsere Gesch\u00e4fte mit Integrit\u00e4t, Transparenz und Respekt f\u00fcr Menschen, Gemeinschaften und die Umwelt zu f\u00fchren.<\/p>\n<p data-start=\"472\" data-end=\"736\">In diesem Verhaltenskodex werden die ethischen, sozialen und \u00f6kologischen Standards dargelegt, die f\u00fcr unsere T\u00e4tigkeit ma\u00dfgeblich sind, sowie die Erwartungen, die wir an alle unsere Lieferanten, Partner und Unterauftragnehmer stellen.<br data-start=\"658\" data-end=\"661\" \/>Die Einhaltung dieses Kodex ist eine Voraussetzung f\u00fcr die Gesch\u00e4ftsbeziehung mit Ducano AB.<\/p>\n<hr data-start=\"738\" data-end=\"741\" \/>\n<h2 data-start=\"743\" data-end=\"762\"><strong data-start=\"746\" data-end=\"762\">Einf\u00fchrung<\/strong><\/h2>\n<h3 data-start=\"764\" data-end=\"798\"><strong data-start=\"768\" data-end=\"796\">Umfang und Verantwortung<\/strong><\/h3>\n<p data-start=\"799\" data-end=\"1111\">Dieser Kodex gilt f\u00fcr alle Mitarbeiter, Vertreter, Lieferanten und Gesch\u00e4ftspartner, die im Namen von Ducano AB handeln.<br data-start=\"906\" data-end=\"909\" \/>Die Lieferanten m\u00fcssen sicherstellen, dass auch ihre eigenen Unterauftragnehmer und Dienstleister diese Grunds\u00e4tze einhalten.<br data-start=\"1017\" data-end=\"1020\" \/>Jeder Versto\u00df kann zu Korrekturma\u00dfnahmen oder zur Beendigung der Gesch\u00e4ftsbeziehung f\u00fchren.<\/p>\n<hr data-start=\"1113\" data-end=\"1116\" \/>\n<h2 data-start=\"1118\" data-end=\"1157\"><strong data-start=\"1121\" data-end=\"1155\">Rechtskonformit\u00e4t und Integrit\u00e4t<\/strong><\/h2>\n<p data-start=\"1158\" data-end=\"1275\">Alle Gesch\u00e4fte m\u00fcssen in voller \u00dcbereinstimmung mit den geltenden Gesetzen, Vorschriften und internationalen Konventionen abgewickelt werden.<\/p>\n<p data-start=\"1277\" data-end=\"1528\">Wir dulden keine Korruption, Bestechung, Erpressung, keinen Betrug und keine anderen unethischen Gesch\u00e4ftspraktiken.<br data-start=\"1376\" data-end=\"1379\" \/>Es d\u00fcrfen keine Geschenke, Zahlungen oder Vorteile angeboten oder angenommen werden, um einen unzul\u00e4ssigen Vorteil zu erlangen.<br data-start=\"1470\" data-end=\"1473\" \/>Alle Finanzunterlagen m\u00fcssen genau und transparent sein.<\/p>\n<hr data-start=\"1530\" data-end=\"1533\" \/>\n<h2 data-start=\"1535\" data-end=\"1576\"><strong data-start=\"1538\" data-end=\"1574\">Menschenrechte und Arbeitsnormen<\/strong><\/h2>\n<p data-start=\"1577\" data-end=\"1737\">Ducano AB und seine Partner respektieren die international anerkannten Menschenrechte und halten die Konventionen der Internationalen Arbeitsorganisation (ILO) ein.<\/p>\n<ul data-start=\"1739\" data-end=\"2530\">\n<li data-start=\"1739\" data-end=\"1862\">\n<p data-start=\"1741\" data-end=\"1862\"><strong data-start=\"1741\" data-end=\"1761\">Keine Zwangsarbeit:<\/strong> Die Besch\u00e4ftigung muss frei gew\u00e4hlt werden. Die Arbeitnehmer haben das Recht, nach einer angemessenen K\u00fcndigungsfrist zu gehen.<\/p>\n<\/li>\n<li data-start=\"1863\" data-end=\"2003\">\n<p data-start=\"1865\" data-end=\"2003\"><strong data-start=\"1865\" data-end=\"1884\">Keine Kinderarbeit:<\/strong> Die Arbeitnehmer m\u00fcssen mindestens 15 Jahre alt sein (bzw. 14 Jahre, wenn dies gesetzlich zul\u00e4ssig ist). Personen unter 18 Jahren d\u00fcrfen keine gef\u00e4hrlichen Arbeiten ausf\u00fchren.<\/p>\n<\/li>\n<li data-start=\"2004\" data-end=\"2138\">\n<p data-start=\"2006\" data-end=\"2138\"><strong data-start=\"2006\" data-end=\"2039\">Faire Arbeitszeiten und L\u00f6hne:<\/strong> Arbeits- und Ruhezeiten sowie L\u00f6hne m\u00fcssen den nationalen Gesetzen und Industriestandards entsprechen oder diese \u00fcbertreffen.<\/p>\n<\/li>\n<li data-start=\"2139\" data-end=\"2250\">\n<p data-start=\"2141\" data-end=\"2250\"><strong data-start=\"2141\" data-end=\"2168\">Die Vereinigungsfreiheit:<\/strong> Die Arbeitnehmer haben das Recht, Gewerkschaften beizutreten oder zu gr\u00fcnden und Tarifverhandlungen zu f\u00fchren.<\/p>\n<\/li>\n<li data-start=\"2251\" data-end=\"2406\">\n<p data-start=\"2253\" data-end=\"2406\"><strong data-start=\"2253\" data-end=\"2276\">Nicht-Diskriminierung:<\/strong> Alle Arbeitnehmer m\u00fcssen fair und mit Respekt behandelt werden, unabh\u00e4ngig von Geschlecht, ethnischer Zugeh\u00f6rigkeit, Religion, Alter, Behinderung oder Herkunft.<\/p>\n<\/li>\n<li data-start=\"2407\" data-end=\"2530\">\n<p data-start=\"2409\" data-end=\"2530\"><strong data-start=\"2409\" data-end=\"2436\">Keine Bel\u00e4stigung oder Missbrauch:<\/strong> K\u00f6rperliche, verbale, sexuelle oder psychologische Bel\u00e4stigung oder Einsch\u00fcchterung ist streng verboten.<\/p>\n<\/li>\n<\/ul>\n<hr data-start=\"2532\" data-end=\"2535\" \/>\n<h2 data-start=\"2537\" data-end=\"2563\"><strong data-start=\"2540\" data-end=\"2561\">Gesundheit und Sicherheit<\/strong><\/h2>\n<p data-start=\"2564\" data-end=\"2895\">Die Lieferanten m\u00fcssen f\u00fcr einen sicheren und gesunden Arbeitsplatz sorgen.<br data-start=\"2617\" data-end=\"2620\" \/>Alle Mitarbeiter m\u00fcssen die notwendige Schutzausr\u00fcstung und Schulung erhalten, um ihre Arbeit sicher ausf\u00fchren zu k\u00f6nnen.<br data-start=\"2722\" data-end=\"2725\" \/>Die Einrichtungen m\u00fcssen \u00fcber saubere sanit\u00e4re Anlagen, Zugang zu Trinkwasser und geeignete Notfallma\u00dfnahmen verf\u00fcgen.<br data-start=\"2830\" data-end=\"2833\" \/>Unf\u00e4lle und Beinaheunf\u00e4lle m\u00fcssen dokumentiert und untersucht werden.<\/p>\n<hr data-start=\"2897\" data-end=\"2900\" \/>\n<h2 data-start=\"2902\" data-end=\"2939\"><strong data-start=\"2905\" data-end=\"2937\">Verantwortung f\u00fcr die Umwelt<\/strong><\/h2>\n<p data-start=\"2940\" data-end=\"3089\">Wir sind uns unserer Verantwortung bewusst, die Auswirkungen auf die Umwelt in der gesamten Lieferkette von Vanille zu minimieren.<br data-start=\"3045\" data-end=\"3048\" \/>Von Lieferanten und Partnern wird erwartet, dass sie:<\/p>\n<ul data-start=\"3090\" data-end=\"3470\">\n<li data-start=\"3090\" data-end=\"3154\">\n<p data-start=\"3092\" data-end=\"3154\">Halten Sie alle einschl\u00e4gigen Umweltgesetze und -vorschriften ein.<\/p>\n<\/li>\n<li data-start=\"3155\" data-end=\"3225\">\n<p data-start=\"3157\" data-end=\"3225\">Vermeidung von Umweltverschmutzung und verantwortungsvoller Umgang mit Abfall, Wasser und Energie.<\/p>\n<\/li>\n<li data-start=\"3226\" data-end=\"3333\">\n<p data-start=\"3228\" data-end=\"3333\">Anwendung nachhaltiger Anbau- und Verarbeitungsmethoden zum Schutz der Artenvielfalt in Madagaskar und anderen Regionen.<\/p>\n<\/li>\n<li data-start=\"3334\" data-end=\"3407\">\n<p data-start=\"3336\" data-end=\"3407\">Verringerung der Treibhausgasemissionen und F\u00f6rderung erneuerbarer Energiequellen.<\/p>\n<\/li>\n<li data-start=\"3408\" data-end=\"3470\">\n<p data-start=\"3410\" data-end=\"3470\">St\u00e4ndiges Streben nach Verbesserungen der Umweltleistung.<\/p>\n<\/li>\n<\/ul>\n<hr data-start=\"3472\" data-end=\"3475\" \/>\n<h2 data-start=\"3477\" data-end=\"3523\"><strong data-start=\"3480\" data-end=\"3521\">Nachhaltige Beschaffung und R\u00fcckverfolgbarkeit<\/strong><\/h2>\n<p data-start=\"3524\" data-end=\"3720\">Ducano AB verpflichtet sich zu vollst\u00e4ndiger R\u00fcckverfolgbarkeit und verantwortungsvoller Beschaffung.<br data-start=\"3593\" data-end=\"3596\" \/>Alle Lieferanten m\u00fcssen sicherstellen, dass die Rohstoffe auf legale und ethische Weise und ohne Ausbeutung von Mensch und Natur gewonnen werden.<\/p>\n<p data-start=\"3722\" data-end=\"3962\">F\u00fcr Vanille und andere landwirtschaftliche Produkte verlangen wir Transparenz bis zum Ursprung - einschlie\u00dflich der Dokumentation von Ernte, Reifung und Export.<br data-start=\"3867\" data-end=\"3870\" \/>Bio- und Qualit\u00e4tszertifizierungen m\u00fcssen g\u00fcltig, \u00fcberpr\u00fcfbar und durch Systeme r\u00fcckverfolgbar sein.<\/p>\n<hr data-start=\"3964\" data-end=\"3967\" \/>\n<h2 data-start=\"3969\" data-end=\"4004\"><strong data-start=\"3972\" data-end=\"4002\">Produktsicherheit und Qualit\u00e4t<\/strong><\/h2>\n<p data-start=\"4005\" data-end=\"4358\">Wir halten uns an strenge Standards f\u00fcr Lebensmittelsicherheit und Qualit\u00e4t.<br data-start=\"4059\" data-end=\"4062\" \/>Alle Chargen m\u00fcssen der europ\u00e4ischen Lebensmittelgesetzgebung (Verordnung (EG) 178\/2002, 852\/2004, 2018\/848, etc.) und den internen Spezifikationen von Ducano AB entsprechen.<br data-start=\"4209\" data-end=\"4212\" \/>Die Pr\u00fcfung auf Mikrobiologie, Vanillingehalt, Feuchtigkeit, Pestizide und Schwermetalle ist obligatorisch.<br data-start=\"4308\" data-end=\"4311\" \/>Die Zulieferer m\u00fcssen eine genaue Dokumentation f\u00fchren.<\/p>\n<hr data-start=\"4360\" data-end=\"4363\" \/>\n<h2 data-start=\"4365\" data-end=\"4409\"><strong data-start=\"4368\" data-end=\"4407\">Gemeinschaft und soziale Verantwortung<\/strong><\/h2>\n<p data-start=\"4410\" data-end=\"4759\">Ducano AB unterst\u00fctzt aktiv die wirtschaftliche und soziale Entwicklung der Gemeinden, in denen wir t\u00e4tig sind.<br data-start=\"4513\" data-end=\"4516\" \/>In Madagaskar arbeiten wir eng mit lokalen Partnern zusammen, um Bildung, faire Einkommen und nachhaltige Landwirtschaft zu f\u00f6rdern.<br data-start=\"4630\" data-end=\"4633\" \/>Die Lieferanten werden ermutigt, sich an \u00e4hnlichen gemeinschaftsorientierten Initiativen zu beteiligen, die das Wohlergehen und die Entwicklung vor Ort f\u00f6rdern.<\/p>\n<hr data-start=\"4761\" data-end=\"4764\" \/>\n<h2 data-start=\"4766\" data-end=\"4800\"><strong data-start=\"4769\" data-end=\"4798\">\u00dcberwachung und Einhaltung<\/strong><\/h2>\n<p data-start=\"4801\" data-end=\"5110\">Ducano AB beh\u00e4lt sich das Recht vor, Audits und Besuche vor Ort durchzuf\u00fchren oder Unterlagen anzufordern, um die Einhaltung dieses Kodex zu \u00fcberpr\u00fcfen.<br data-start=\"4923\" data-end=\"4926\" \/>Wird eine Nichteinhaltung festgestellt, m\u00fcssen die Lieferanten unverz\u00fcglich Abhilfema\u00dfnahmen ergreifen.<br data-start=\"5007\" data-end=\"5010\" \/>Anhaltende oder schwere Verst\u00f6\u00dfe k\u00f6nnen zur Aussetzung oder Beendigung der Gesch\u00e4ftsbeziehung f\u00fchren.<\/p>\n<hr data-start=\"5112\" data-end=\"5115\" \/>\n<h2 data-start=\"5117\" data-end=\"5146\"><strong data-start=\"5120\" data-end=\"5144\">Meldung von Fehlverhalten<\/strong><\/h2>\n<p data-start=\"5147\" data-end=\"5391\">Jeder Mitarbeiter, Lieferant oder Partner, der von einem m\u00f6glichen Versto\u00df gegen diesen Kodex erf\u00e4hrt, wird aufgefordert, diesen vertraulich der Gesch\u00e4ftsleitung von Ducano AB zu melden.<br data-start=\"5306\" data-end=\"5309\" \/>Wir stellen sicher, dass keine Vergeltungsma\u00dfnahmen gegen Personen ergriffen werden, die sich in gutem Glauben melden.<\/p>\n<hr data-start=\"5393\" data-end=\"5396\" \/>\n<h2 data-start=\"5398\" data-end=\"5442\"><strong data-start=\"5401\" data-end=\"5440\">Ausbildung und kontinuierliche Verbesserung<\/strong><\/h2>\n<p data-start=\"5443\" data-end=\"5757\">Ducano AB wird regelm\u00e4\u00dfig Schulungen f\u00fcr Mitarbeiter und Partner anbieten, um das Verst\u00e4ndnis dieses Kodex und der damit verbundenen ethischen Standards zu f\u00f6rdern.<br data-start=\"5577\" data-end=\"5580\" \/>Wir verpflichten uns zu st\u00e4ndiger Verbesserung und werden diesen Kodex j\u00e4hrlich \u00fcberpr\u00fcfen, um die sich entwickelnden Gesetze, Vorschriften und bew\u00e4hrten Praktiken in der weltweiten Vanille- und Gew\u00fcrzindustrie zu ber\u00fccksichtigen.<\/p>\n<hr data-start=\"5759\" data-end=\"5762\" \/>\n<h2 data-start=\"5764\" data-end=\"5780\"><strong data-start=\"5767\" data-end=\"5778\">Kontakt<\/strong><\/h2>\n<p data-start=\"5781\" data-end=\"5908\"><strong data-start=\"5781\" data-end=\"5799\">Elias Karlsson<\/strong><br data-start=\"5799\" data-end=\"5802\" \/><a class=\"decorated-link cursor-pointer\" rel=\"noopener\" data-start=\"5805\" data-end=\"5828\">elias@ducanovanilla.com<\/a><br data-start=\"5828\" data-end=\"5831\" \/>+46 707 609 629<br data-start=\"5849\" data-end=\"5852\" \/><a class=\"decorated-link\" href=\"https:\/\/ducanovanilla.com\/de\/\" target=\"_new\" rel=\"noopener\" data-start=\"5855\" data-end=\"5908\">www.ducanovanilla.com<\/a><\/p>","protected":false},"excerpt":{"rendered":"<p>Ducano AB \u2013 Supplier Code of Conduct Ducano AB is a Swedish company specialized in sourcing, processing, and distributing high-quality vanilla from Madagascar and other origins.We are committed to conducting our business with integrity, transparency, and respect for people, communities, and the environment. This Code of Conduct sets out the ethical, social, and environmental standards [&#8230;]\n","protected":false},"author":1,"featured_media":0,"parent":0,"menu_order":0,"comment_status":"closed","ping_status":"closed","template":"","meta":{"footnotes":""},"class_list":["post-1680","page","type-page","status-publish","hentry"],"_links":{"self":[{"href":"https:\/\/ducanovanilla.com\/de\/wp-json\/wp\/v2\/pages\/1680","targetHints":{"allow":["GET"]}}],"collection":[{"href":"https:\/\/ducanovanilla.com\/de\/wp-json\/wp\/v2\/pages"}],"about":[{"href":"https:\/\/ducanovanilla.com\/de\/wp-json\/wp\/v2\/types\/page"}],"author":[{"embeddable":true,"href":"https:\/\/ducanovanilla.com\/de\/wp-json\/wp\/v2\/users\/1"}],"replies":[{"embeddable":true,"href":"https:\/\/ducanovanilla.com\/de\/wp-json\/wp\/v2\/comments?post=1680"}],"version-history":[{"count":6,"href":"https:\/\/ducanovanilla.com\/de\/wp-json\/wp\/v2\/pages\/1680\/revisions"}],"predecessor-version":[{"id":1688,"href":"https:\/\/ducanovanilla.com\/de\/wp-json\/wp\/v2\/pages\/1680\/revisions\/1688"}],"wp:attachment":[{"href":"https:\/\/ducanovanilla.com\/de\/wp-json\/wp\/v2\/media?parent=1680"}],"curies":[{"name":"wp","href":"https:\/\/api.w.org\/{rel}","templated":true}]}}