{"id":1757,"date":"2025-11-13T16:54:10","date_gmt":"2025-11-13T16:54:10","guid":{"rendered":"https:\/\/ducanovanilla.com\/?page_id=1757"},"modified":"2026-03-25T08:59:03","modified_gmt":"2026-03-25T08:59:03","slug":"legal-notice","status":"publish","type":"page","link":"https:\/\/ducanovanilla.com\/de\/legal-notice\/","title":{"rendered":"Rechtlicher Hinweis"},"content":{"rendered":"<h2 data-start=\"257\" data-end=\"276\"><strong data-start=\"260\" data-end=\"276\">Rechtlicher Hinweis<\/strong><\/h2>\n<p data-start=\"278\" data-end=\"361\"><strong data-start=\"278\" data-end=\"299\">Betreiber der Website:<\/strong><br data-start=\"299\" data-end=\"302\" \/>Ducano AB<br data-start=\"311\" data-end=\"314\" \/>Gruvgatan 2<br data-start=\"325\" data-end=\"328\" \/>421 30 V\u00e4stra Fr\u00f6lunda<br data-start=\"350\" data-end=\"353\" \/>Schweden<\/p>\n<p data-start=\"363\" data-end=\"550\"><strong data-start=\"363\" data-end=\"378\">Umsatzsteuer-Identifikationsnummer:<\/strong> SE559401606401<br data-start=\"393\" data-end=\"396\" \/><strong data-start=\"396\" data-end=\"406\">E-Mail:<\/strong> <a class=\"decorated-link cursor-pointer\" rel=\"noopener\" data-start=\"407\" data-end=\"429\">info@ducanovanilla.com<\/a><\/p>\n<p data-start=\"363\" data-end=\"550\"><strong data-start=\"396\" data-end=\"406\">Reklamationen: <\/strong>complaints@ducano.se<\/p>\n<p data-start=\"363\" data-end=\"550\"><strong data-start=\"432\" data-end=\"442\">Telefon:<\/strong> +46 704 49 48 78 \/ +46 707 60 96 29<br data-start=\"478\" data-end=\"481\" \/><strong data-start=\"481\" data-end=\"493\">Website:<\/strong> <a class=\"decorated-link\" href=\"https:\/\/ducanovanilla.com\/de\/\" target=\"_new\" rel=\"noopener\" data-start=\"494\" data-end=\"548\">www.ducanovanilla.com<\/a><\/p>\n<hr data-start=\"552\" data-end=\"555\" \/>\n<h3 data-start=\"557\" data-end=\"590\"><strong data-start=\"561\" data-end=\"588\">Verantwortlich f\u00fcr den Inhalt<\/strong><\/h3>\n<p data-start=\"591\" data-end=\"829\">Ducano AB ist f\u00fcr alle auf dieser Website ver\u00f6ffentlichten Inhalte verantwortlich.<br data-start=\"658\" data-end=\"661\" \/>Obwohl wir uns um die Richtigkeit und Vollst\u00e4ndigkeit der bereitgestellten Informationen bem\u00fchen, \u00fcbernehmen wir keine Haftung f\u00fcr etwaige Fehler, Auslassungen oder veraltete Inhalte.<\/p>\n<hr data-start=\"831\" data-end=\"834\" \/>\n<h3 data-start=\"836\" data-end=\"860\"><strong data-start=\"840\" data-end=\"858\">Externe Links<\/strong><\/h3>\n<p data-start=\"861\" data-end=\"1058\">Unsere Website kann Links zu Websites Dritter enthalten.<br data-start=\"915\" data-end=\"918\" \/>Wir haben keine Kontrolle \u00fcber den Inhalt dieser Websites und \u00fcbernehmen daher keine Verantwortung f\u00fcr deren Richtigkeit, Rechtm\u00e4\u00dfigkeit oder Zuverl\u00e4ssigkeit.<\/p>\n<hr data-start=\"1060\" data-end=\"1063\" \/>\n<h3 data-start=\"1065\" data-end=\"1101\"><strong data-start=\"1069\" data-end=\"1099\">Urheberrecht und Bildrechte<\/strong><\/h3>\n<p data-start=\"1102\" data-end=\"1325\">Alle Texte, Bilder, Grafiken und Logos auf dieser Website sind Eigentum der Ducano AB oder ihrer Partner und sind durch das Urheberrecht gesch\u00fctzt.<br data-start=\"1237\" data-end=\"1240\" \/>Jegliche Vervielf\u00e4ltigung, Verbreitung oder Nutzung ohne vorherige schriftliche Zustimmung ist untersagt.<\/p>\n<p data-start=\"1327\" data-end=\"1706\">Ducano AB besitzt alle Rechte an allen auf dieser Website gezeigten Bildern, <strong data-start=\"1396\" data-end=\"1479\">mit Ausnahme einiger Bilder auf der Seite \u201cUnser Verfahren\u201d, die die Dampfsterilisation zeigen<\/strong>, die bereitgestellt werden von und im Besitz sind von <strong data-start=\"1516\" data-end=\"1529\">Steripure<\/strong>.<br data-start=\"1530\" data-end=\"1533\" \/>Diese Bilder werden mit Genehmigung verwendet und bleiben Eigentum von Steripure.<br data-start=\"1608\" data-end=\"1611\" \/>Alle Bilder, die Steripure geh\u00f6ren, sind mit dem Text versehen <strong data-start=\"1665\" data-end=\"1706\">\u201cLeeloo MARQUES MOLEIRO \/ Steripure\u201d.\u201d<\/strong><\/p>\n<hr data-start=\"1708\" data-end=\"1711\" \/>\n<h3 data-start=\"1713\" data-end=\"1736\"><strong data-start=\"1717\" data-end=\"1734\">Geltendes Recht<\/strong><\/h3>\n<p data-start=\"1737\" data-end=\"1944\">Diese rechtlichen Hinweise und die Nutzung dieser Website unterliegen dem schwedischen Recht.<br data-start=\"1818\" data-end=\"1821\" \/>F\u00fcr alle Streitigkeiten, die im Zusammenhang mit der Website entstehen, sind ausschlie\u00dflich die schwedischen Gerichte zust\u00e4ndig.<\/p>","protected":false},"excerpt":{"rendered":"<p>Legal Notice Website operator:Ducano ABGruvgatan 2421 30 V\u00e4stra Fr\u00f6lundaSweden VAT number: SE559401606401Email: info@ducanovanilla.com Complaints: complaints@ducano.se Phone: +46 704 49 48 78 \/ +46 707 60 96 29Website: www.ducanovanilla.com Responsible for content Ducano AB is responsible for all content published on this website.While we make every effort to ensure the accuracy and completeness of the information [&#8230;]\n","protected":false},"author":1,"featured_media":0,"parent":0,"menu_order":0,"comment_status":"closed","ping_status":"closed","template":"","meta":{"footnotes":""},"class_list":["post-1757","page","type-page","status-publish","hentry"],"_links":{"self":[{"href":"https:\/\/ducanovanilla.com\/de\/wp-json\/wp\/v2\/pages\/1757","targetHints":{"allow":["GET"]}}],"collection":[{"href":"https:\/\/ducanovanilla.com\/de\/wp-json\/wp\/v2\/pages"}],"about":[{"href":"https:\/\/ducanovanilla.com\/de\/wp-json\/wp\/v2\/types\/page"}],"author":[{"embeddable":true,"href":"https:\/\/ducanovanilla.com\/de\/wp-json\/wp\/v2\/users\/1"}],"replies":[{"embeddable":true,"href":"https:\/\/ducanovanilla.com\/de\/wp-json\/wp\/v2\/comments?post=1757"}],"version-history":[{"count":4,"href":"https:\/\/ducanovanilla.com\/de\/wp-json\/wp\/v2\/pages\/1757\/revisions"}],"predecessor-version":[{"id":2827,"href":"https:\/\/ducanovanilla.com\/de\/wp-json\/wp\/v2\/pages\/1757\/revisions\/2827"}],"wp:attachment":[{"href":"https:\/\/ducanovanilla.com\/de\/wp-json\/wp\/v2\/media?parent=1757"}],"curies":[{"name":"wp","href":"https:\/\/api.w.org\/{rel}","templated":true}]}}