{"id":747,"date":"2025-10-13T13:53:11","date_gmt":"2025-10-13T13:53:11","guid":{"rendered":"https:\/\/ducanovanilla.com\/?page_id=747"},"modified":"2026-04-21T13:03:23","modified_gmt":"2026-04-21T13:03:23","slug":"unsere-zertifikate","status":"publish","type":"page","link":"https:\/\/ducanovanilla.com\/de\/our-certificates\/","title":{"rendered":"Zertifikate"},"content":{"rendered":"<div class=\"banner has-hover hide-for-small\" id=\"banner-447517892\">\n          <div class=\"banner-inner fill\">\n        <div class=\"banner-bg fill\" >\n            <img loading=\"lazy\" decoding=\"async\" width=\"2560\" height=\"1440\" src=\"https:\/\/ducanovanilla.com\/wp-content\/uploads\/2025\/11\/ducano-lab-vanilla-sweden-extract-scaled.jpg\" class=\"bg attachment-original size-original\" alt=\"\" \/>                        <div class=\"overlay\"><\/div>            \n                    <\/div>\n\t\t\n        <div class=\"banner-layers container\">\n            <div class=\"fill banner-link\"><\/div>            \n   <div id=\"text-box-368828546\" class=\"text-box banner-layer x0 md-x0 lg-x0 y20 md-y20 lg-y20 res-text\">\n                                <div class=\"text-box-content text\">\n              \n              <div class=\"text-inner text-left\">\n                  \n\t<div id=\"text-2853382158\" class=\"text\">\n\t\t\n<h1>Zertifikate<\/h1>\n<p>Unsere BRCGS-, Fairtrade- und Bio-Zertifizierungen best\u00e4tigen die St\u00e4rke unserer Qualit\u00e4tssysteme und unser langfristiges Engagement f\u00fcr eine verantwortungsvolle Beschaffung.<\/p>\n\t\t\n<style>\n#text-2853382158 {\n  font-size: 1.15rem;\n  color: rgb(255,255,255);\n}\n#text-2853382158 > * {\n  color: rgb(255,255,255);\n}\n<\/style>\n\t<\/div>\n\t\n              <\/div>\n           <\/div>\n                            \n<style>\n#text-box-368828546 .text-inner {\n  padding: 30px 30px 30px 30px;\n}\n#text-box-368828546 {\n  width: 60%;\n}\n#text-box-368828546 .text-box-content {\n  font-size: 100%;\n}\n@media (min-width:550px) {\n  #text-box-368828546 {\n    width: 45%;\n  }\n}\n<\/style>\n    <\/div>\n \n        <\/div>\n      <\/div>\n\n            \n<style>\n#banner-447517892 {\n  padding-top: 315px;\n}\n#banner-447517892 .overlay {\n  background-color: rgba(0,0,0,.5);\n}\n#banner-447517892 .banner-bg img {\n  object-position: 30% 34%;\n}\n<\/style>\n  <\/div>\n\n\n\n  <div class=\"banner has-hover show-for-medium\" id=\"banner-1226803972\">\n          <div class=\"banner-inner fill\">\n        <div class=\"banner-bg fill\" >\n            <img loading=\"lazy\" decoding=\"async\" width=\"2560\" height=\"1440\" src=\"https:\/\/ducanovanilla.com\/wp-content\/uploads\/2025\/11\/ducano-lab-vanilla-sweden-extract-scaled.jpg\" class=\"bg attachment-original size-original\" alt=\"\" \/>                        <div class=\"overlay\"><\/div>            \n                    <\/div>\n\t\t\n        <div class=\"banner-layers container\">\n            <div class=\"fill banner-link\"><\/div>            \n   <div id=\"text-box-322788790\" class=\"text-box banner-layer x0 md-x0 lg-x0 y50 md-y20 lg-y20 res-text\">\n                                <div class=\"text-box-content text\">\n              \n              <div class=\"text-inner text-left\">\n                  \n\t<div id=\"text-1290726545\" class=\"text\">\n\t\t\n<h1><span style=\"font-size: 75%;\">Zertifikate<\/span><\/h1>\n<p><span style=\"color: #ffffff; font-size: 100%;\">Wir sind stolz darauf, BRCGS-, Fairtrade- und Bio-zertifiziert zu sein - ein Zeichen f\u00fcr unser Engagement f\u00fcr Sicherheit, Transparenz und nachhaltigen Handel.<\/span><\/p>\n\t\t\n<style>\n#text-1290726545 {\n  font-size: 1.05rem;\n  color: rgb(255,255,255);\n}\n#text-1290726545 > * {\n  color: rgb(255,255,255);\n}\n@media (min-width:550px) {\n  #text-1290726545 {\n    font-size: 1.15rem;\n  }\n}\n<\/style>\n\t<\/div>\n\t\n              <\/div>\n           <\/div>\n                            \n<style>\n#text-box-322788790 .text-inner {\n  padding: 30px 30px 30px 30px;\n}\n#text-box-322788790 {\n  width: 99%;\n}\n#text-box-322788790 .text-box-content {\n  font-size: 100%;\n}\n@media (min-width:550px) {\n  #text-box-322788790 {\n    width: 45%;\n  }\n}\n<\/style>\n    <\/div>\n \n        <\/div>\n      <\/div>\n\n            \n<style>\n#banner-1226803972 {\n  padding-top: 311px;\n}\n#banner-1226803972 .overlay {\n  background-color: rgba(0, 0, 0, 0.692);\n}\n#banner-1226803972 .banner-bg img {\n  object-position: 55% 17%;\n}\n@media (min-width:550px) {\n  #banner-1226803972 {\n    padding-top: 404px;\n  }\n}\n<\/style>\n  <\/div>\n\n\n\t<div id=\"gap-1670234191\" class=\"gap-element clearfix\" style=\"display:block; height:auto;\">\n\t\t\n<style>\n#gap-1670234191 {\n  padding-top: 30px;\n}\n<\/style>\n\t<\/div>\n\t\n\t<div id=\"text-3769467325\" class=\"text\">\n\t\t\n\t\t\n<style>\n#text-3769467325 {\n  font-size: 2.55rem;\n  text-align: center;\n}\n<\/style>\n\t<\/div>\n\t\n<div class=\"row row-collapse\"  id=\"row-1927367886\">\n\n\t<div id=\"col-1627000315\" class=\"col medium-4 small-12 large-4\"  >\n\t\t\t\t<div class=\"col-inner\"  >\n\t\t\t\n\t\t\t\n\n\t\t<div class=\"icon-box featured-box icon-box-center text-center\"  >\n\t\t\t\t\t<div class=\"icon-box-img\" style=\"width: 247px\">\n\t\t\t\t<div class=\"icon\">\n\t\t\t\t\t<div class=\"icon-inner\" >\n\t\t\t\t\t\t<img loading=\"lazy\" decoding=\"async\" width=\"714\" height=\"400\" src=\"https:\/\/ducanovanilla.com\/wp-content\/uploads\/2025\/09\/BRCGS_Ducano_vanilla-714x400.png\" class=\"attachment-medium size-medium\" alt=\"\" srcset=\"https:\/\/ducanovanilla.com\/wp-content\/uploads\/2025\/09\/BRCGS_Ducano_vanilla-714x400.png 714w, https:\/\/ducanovanilla.com\/wp-content\/uploads\/2025\/09\/BRCGS_Ducano_vanilla-1400x784.png 1400w, https:\/\/ducanovanilla.com\/wp-content\/uploads\/2025\/09\/BRCGS_Ducano_vanilla-768x430.png 768w, https:\/\/ducanovanilla.com\/wp-content\/uploads\/2025\/09\/BRCGS_Ducano_vanilla-1536x860.png 1536w, https:\/\/ducanovanilla.com\/wp-content\/uploads\/2025\/09\/BRCGS_Ducano_vanilla-600x336.png 600w, https:\/\/ducanovanilla.com\/wp-content\/uploads\/2025\/09\/BRCGS_Ducano_vanilla.png 1600w\" sizes=\"auto, (max-width: 714px) 100vw, 714px\" \/>\t\t\t\t\t<\/div>\n\t\t\t\t<\/div>\n\t\t\t<\/div>\n\t\t\t\t<div class=\"icon-box-text last-reset\">\n\t\t\t\t\t\t\t\t\t\n<a href=\"https:\/\/ducanovanilla.com\/wp-content\/uploads\/2025\/10\/0225848_ENG_Ducano-AB-2.pdf\" target=\"_blank\" class=\"button primary is-underline is-small hide-for-small\" rel=\"noopener\" >\n\t\t<span>Zertifikat \ud83e\udc7b.<\/span>\n\t<\/a>\n\n<a href=\"https:\/\/ducanovanilla.com\/wp-content\/uploads\/2025\/10\/0225848_ENG_Ducano-AB-2.pdf\" target=\"_blank\" class=\"button primary is-underline is-small show-for-medium\" rel=\"noopener\" >\n\t\t<span>Zertifikat<\/span>\n\t<\/a>\n\n\t\t<\/div>\n\t<\/div>\n\t\n\t\n\t<div id=\"text-1355537811\" class=\"text\">\n\t\t\n<p>\u00a0<\/p>\n<p class=\"lead\">Halal-zertifiziert<\/p>\n\t\t\n<style>\n#text-1355537811 {\n  text-align: center;\n}\n<\/style>\n\t<\/div>\n\t\n\n\t\t<div class=\"icon-box featured-box icon-box-center text-center\"  >\n\t\t\t\t<div class=\"icon-box-text last-reset\">\n\t\t\t\t\t\t\t\t\t\n<a href=\"https:\/\/ducanovanilla.com\/wp-content\/uploads\/2026\/01\/Halalcertificate-196-Ducano-AB-2026-2027-1.pdf\" target=\"_blank\" class=\"button primary is-underline is-small hide-for-small\" rel=\"noopener\" >\n\t\t<span>Zertifikat \ud83e\udc7b.<\/span>\n\t<\/a>\n\n<a href=\"https:\/\/ducanovanilla.com\/wp-content\/uploads\/2025\/10\/SE-EKO-03.752-0008143.2024.002_en-3-1-1-2-1-1.pdf\" target=\"_blank\" class=\"button primary is-underline is-small show-for-medium\" rel=\"noopener\" >\n\t\t<span>Zertifikat<\/span>\n\t<\/a>\n\n\t\t<\/div>\n\t<\/div>\n\t\n\t\n\t\t<\/div>\n\t\t\t\t\t<\/div>\n\n\t\n\n\t<div id=\"col-509808771\" class=\"col medium-4 small-12 large-4\"  >\n\t\t\t\t<div class=\"col-inner\"  >\n\t\t\t\n\t\t\t\n\n\t\t<div class=\"icon-box featured-box icon-box-center text-center\"  >\n\t\t\t\t\t<div class=\"icon-box-img\" style=\"width: 140px\">\n\t\t\t\t<div class=\"icon\">\n\t\t\t\t\t<div class=\"icon-inner\" >\n\t\t\t\t\t\t<img loading=\"lazy\" decoding=\"async\" width=\"300\" height=\"300\" src=\"https:\/\/ducanovanilla.com\/wp-content\/uploads\/2025\/11\/fairtrade-ducano-vanilla.webp\" class=\"attachment-medium size-medium\" alt=\"\" srcset=\"https:\/\/ducanovanilla.com\/wp-content\/uploads\/2025\/11\/fairtrade-ducano-vanilla.webp 300w, https:\/\/ducanovanilla.com\/wp-content\/uploads\/2025\/11\/fairtrade-ducano-vanilla-100x100.webp 100w\" sizes=\"auto, (max-width: 300px) 100vw, 300px\" \/>\t\t\t\t\t<\/div>\n\t\t\t\t<\/div>\n\t\t\t<\/div>\n\t\t\t\t<div class=\"icon-box-text last-reset\">\n\t\t\t\t\t\t\t\t\t\n<a href=\"https:\/\/ducanovanilla.com\/wp-content\/uploads\/2025\/10\/CERT-PermissionToTrade-1.pdf\" target=\"_blank\" class=\"button primary is-underline is-small hide-for-small\" rel=\"noopener\" >\n\t\t<span>Zertifikat \ud83e\udc7b.<\/span>\n\t<\/a>\n\n<a href=\"https:\/\/ducanovanilla.com\/wp-content\/uploads\/2025\/10\/CERT-PermissionToTrade-1.pdf\" target=\"_blank\" class=\"button primary is-underline is-small show-for-medium\" rel=\"noopener\" >\n\t\t<span>Zertifikat<\/span>\n\t<\/a>\n\n\t\t<\/div>\n\t<\/div>\n\t\n\t\n\t\t<\/div>\n\t\t\t\t\t<\/div>\n\n\t\n\n\t<div id=\"col-926540594\" class=\"col medium-4 small-12 large-4\"  >\n\t\t\t\t<div class=\"col-inner\"  >\n\t\t\t\n\t\t\t\n\n\t\t<div class=\"icon-box featured-box icon-box-center text-center\"  >\n\t\t\t\t\t<div class=\"icon-box-img\" style=\"width: 244px\">\n\t\t\t\t<div class=\"icon\">\n\t\t\t\t\t<div class=\"icon-inner\" >\n\t\t\t\t\t\t<img loading=\"lazy\" decoding=\"async\" width=\"714\" height=\"400\" src=\"https:\/\/ducanovanilla.com\/wp-content\/uploads\/2025\/09\/organic-eu-ducano-vanilla-714x400.png\" class=\"attachment-medium size-medium\" alt=\"\" srcset=\"https:\/\/ducanovanilla.com\/wp-content\/uploads\/2025\/09\/organic-eu-ducano-vanilla-714x400.png 714w, https:\/\/ducanovanilla.com\/wp-content\/uploads\/2025\/09\/organic-eu-ducano-vanilla-768x430.png 768w, https:\/\/ducanovanilla.com\/wp-content\/uploads\/2025\/09\/organic-eu-ducano-vanilla-600x336.png 600w, https:\/\/ducanovanilla.com\/wp-content\/uploads\/2025\/09\/organic-eu-ducano-vanilla.png 1200w\" sizes=\"auto, (max-width: 714px) 100vw, 714px\" \/>\t\t\t\t\t<\/div>\n\t\t\t\t<\/div>\n\t\t\t<\/div>\n\t\t\t\t<div class=\"icon-box-text last-reset\">\n\t\t\t\t\t\t\t\t\t\n<a href=\"https:\/\/ducanovanilla.com\/wp-content\/uploads\/2026\/04\/SE-EKO-03.752-0008143.2026.001.pdf\" target=\"_blank\" class=\"button primary is-underline is-small hide-for-small\" rel=\"noopener\" >\n\t\t<span>Zertifikat \ud83e\udc7b.<\/span>\n\t<\/a>\n\n<a href=\"https:\/\/ducanovanilla.com\/wp-content\/uploads\/2025\/10\/SE-EKO-03.752-0008143.2024.002_en-3-1-1-2-1-1.pdf\" target=\"_blank\" class=\"button primary is-underline is-small show-for-medium\" rel=\"noopener\" >\n\t\t<span>Zertifikat<\/span>\n\t<\/a>\n\n\t\t<\/div>\n\t<\/div>\n\t\n\t\n\t\t<\/div>\n\t\t\t\t\t<\/div>\n\n\t\n\n<style>\n#row-1927367886 > .col > .col-inner {\n  padding: 0px 0px 0px 0px;\n}\n<\/style>\n<\/div>\n\n\t<section class=\"section\" id=\"section_934377846\">\n\t\t<div class=\"section-bg fill\" >\n\t\t\t\t\t\t\t\t\t\n\t\t\t\n\n\t\t<\/div>\n\n\t\t\n\n\t\t<div class=\"section-content relative\">\n\t\t\t\n\t<div id=\"gap-462103551\" class=\"gap-element clearfix\" style=\"display:block; height:auto;\">\n\t\t\n<style>\n#gap-462103551 {\n  padding-top: 30px;\n}\n<\/style>\n\t<\/div>\n\t\n<div class=\"row row-collapse align-equal\"  id=\"row-1732006098\">\n\n\t<div id=\"col-1627972162\" class=\"col medium-7 small-12 large-6\"  >\n\t\t\t\t<div class=\"col-inner\"  >\n\t\t\t\n\t\t\t\n\n  <div class=\"banner has-hover\" id=\"banner-1035321074\">\n          <div class=\"banner-inner fill\">\n        <div class=\"banner-bg fill\" >\n            <img loading=\"lazy\" decoding=\"async\" width=\"2560\" height=\"1440\" src=\"https:\/\/ducanovanilla.com\/wp-content\/uploads\/2025\/11\/ducano-vanilla-sweden-lab-scaled.jpg\" class=\"bg attachment-original size-original\" alt=\"\" \/>                                    \n                    <\/div>\n\t\t\n        <div class=\"banner-layers container\">\n            <div class=\"fill banner-link\"><\/div>            \n   <div id=\"text-box-265100255\" class=\"text-box banner-layer x50 md-x50 lg-x50 y50 md-y50 lg-y50 res-text\">\n                                <div class=\"text-box-content text dark\">\n              \n              <div class=\"text-inner text-center\">\n                  \n              <\/div>\n           <\/div>\n                            \n<style>\n#text-box-265100255 {\n  width: 60%;\n}\n#text-box-265100255 .text-box-content {\n  font-size: 100%;\n}\n@media (min-width:550px) {\n  #text-box-265100255 {\n    width: 60%;\n  }\n}\n<\/style>\n    <\/div>\n \n        <\/div>\n      <\/div>\n\n            \n<style>\n#banner-1035321074 {\n  padding-top: 250px;\n}\n#banner-1035321074 .banner-bg img {\n  object-position: 13% 67%;\n}\n@media (min-width:550px) {\n  #banner-1035321074 {\n    padding-top: 400px;\n  }\n}\n<\/style>\n  <\/div>\n\n\n\t\t<\/div>\n\t\t\t\t\t<\/div>\n\n\t\n\n\t<div id=\"col-650155715\" class=\"col medium-5 small-12 large-6\"  >\n\t\t\t\t<div class=\"col-inner text-center\" style=\"background-color:rgb(255,255,255);\" >\n\t\t\t\n\t\t\t\n\t<div id=\"text-2023839328\" class=\"text\">\n\t\t\n<h3>Bekenntnis zu globalen Standards<\/h3>\n\t\t\n<style>\n#text-2023839328 {\n  font-size: 1.75rem;\n  line-height: 0.75;\n  text-align: left;\n}\n<\/style>\n\t<\/div>\n\t\n\t<div id=\"text-718206984\" class=\"text\">\n\t\t\n<p>Mit einem von der GFSI anerkannten Standard befinden wir uns auf demselben professionellen Niveau wie die gr\u00f6\u00dften Lebensmittelhersteller und geben unseren Kunden die Gewissheit, dass jedes Produkt mit demselben Ma\u00df an Kontrolle, Sicherheitsma\u00dfnahmen und R\u00fcckverfolgbarkeitsanforderungen behandelt wird, das sie von ihren eigenen Betrieben erwarten. In Kombination mit unseren Bio- und Fairtrade-Zertifizierungen liefern wir Produkte, die strenge globale Kriterien f\u00fcr Sicherheit, Verantwortung und nachhaltige Beschaffung erf\u00fcllen.<\/p>\n\t\t\n<style>\n#text-718206984 {\n  font-size: 0.95rem;\n  text-align: left;\n}\n<\/style>\n\t<\/div>\n\t\n\t\t<\/div>\n\t\t\t\t\n<style>\n#col-650155715 > .col-inner {\n  padding: 15% 5% 15% 5%;\n}\n<\/style>\n\t<\/div>\n\n\t\n<\/div>\n\t\t<\/div>\n\n\t\t\n<style>\n#section_934377846 {\n  padding-top: 30px;\n  padding-bottom: 30px;\n}\n<\/style>\n\t<\/section>","protected":false},"excerpt":{"rendered":"","protected":false},"author":1,"featured_media":0,"parent":0,"menu_order":0,"comment_status":"closed","ping_status":"closed","template":"page-blank.php","meta":{"footnotes":""},"class_list":["post-747","page","type-page","status-publish","hentry"],"_links":{"self":[{"href":"https:\/\/ducanovanilla.com\/de\/wp-json\/wp\/v2\/pages\/747","targetHints":{"allow":["GET"]}}],"collection":[{"href":"https:\/\/ducanovanilla.com\/de\/wp-json\/wp\/v2\/pages"}],"about":[{"href":"https:\/\/ducanovanilla.com\/de\/wp-json\/wp\/v2\/types\/page"}],"author":[{"embeddable":true,"href":"https:\/\/ducanovanilla.com\/de\/wp-json\/wp\/v2\/users\/1"}],"replies":[{"embeddable":true,"href":"https:\/\/ducanovanilla.com\/de\/wp-json\/wp\/v2\/comments?post=747"}],"version-history":[{"count":46,"href":"https:\/\/ducanovanilla.com\/de\/wp-json\/wp\/v2\/pages\/747\/revisions"}],"predecessor-version":[{"id":2847,"href":"https:\/\/ducanovanilla.com\/de\/wp-json\/wp\/v2\/pages\/747\/revisions\/2847"}],"wp:attachment":[{"href":"https:\/\/ducanovanilla.com\/de\/wp-json\/wp\/v2\/media?parent=747"}],"curies":[{"name":"wp","href":"https:\/\/api.w.org\/{rel}","templated":true}]}}