{"id":889,"date":"2025-10-27T09:34:05","date_gmt":"2025-10-27T09:34:05","guid":{"rendered":"https:\/\/ducanovanilla.com\/?page_id=889"},"modified":"2025-12-29T08:55:21","modified_gmt":"2025-12-29T08:55:21","slug":"uber-uns-2","status":"publish","type":"page","link":"https:\/\/ducanovanilla.com\/de\/about-us-2\/","title":{"rendered":"\u00dcber uns"},"content":{"rendered":"<section class=\"section show-for-medium\" id=\"section_747687966\">\n\t\t<div class=\"section-bg fill\" >\n\t\t\t<img loading=\"lazy\" decoding=\"async\" width=\"2560\" height=\"1440\" src=\"https:\/\/ducanovanilla.com\/wp-content\/uploads\/2025\/11\/ducano-vanilla-antalaha-region-scaled.jpg\" class=\"bg attachment-original size-original\" alt=\"\" \/>\t\t\t\t\t\t<div class=\"section-bg-overlay absolute fill\"><\/div>\n\t\t\t\n\n\t\t<\/div>\n\n\t\t\n\n\t\t<div class=\"section-content relative\">\n\t\t\t\n<div class=\"row\"  id=\"row-1791002787\">\n\n\t<div id=\"col-1536845160\" class=\"col small-12 large-12\"  >\n\t\t\t\t<div class=\"col-inner\"  >\n\t\t\t\n\t\t\t\n\n  <div class=\"banner has-hover\" id=\"banner-838346388\">\n          <div class=\"banner-inner fill\">\n        <div class=\"banner-bg fill\" >\n            <img loading=\"lazy\" decoding=\"async\" width=\"1020\" height=\"571\" src=\"https:\/\/ducanovanilla.com\/wp-content\/uploads\/2025\/09\/Namnlos-design-9-1400x784.jpg\" class=\"bg attachment-large size-large\" alt=\"\" \/>                                    \n                    <\/div>\n\t\t\n        <div class=\"banner-layers container\">\n            <div class=\"fill banner-link\"><\/div>            \n   <div id=\"text-box-254772966\" class=\"text-box banner-layer x50 md-x50 lg-x50 y50 md-y50 lg-y50 res-text\">\n                                <div class=\"text-box-content text dark\">\n              \n              <div class=\"text-inner text-center\">\n                  \n              <\/div>\n           <\/div>\n                            \n<style>\n#text-box-254772966 {\n  width: 60%;\n}\n#text-box-254772966 .text-box-content {\n  font-size: 100%;\n}\n<\/style>\n    <\/div>\n \n        <\/div>\n      <\/div>\n\n            \n<style>\n#banner-838346388 {\n  padding-top: 175px;\n}\n@media (min-width:550px) {\n  #banner-838346388 {\n    padding-top: 500px;\n  }\n}\n<\/style>\n  <\/div>\n\n\n\t<div id=\"text-231118692\" class=\"text\">\n\t\t\n<h1>\u00dcber uns<\/h1>\n\t\t\n<style>\n#text-231118692 {\n  font-size: 1.95rem;\n  color: rgb(255,255,255);\n}\n#text-231118692 > * {\n  color: rgb(255,255,255);\n}\n<\/style>\n\t<\/div>\n\t\n\t<div id=\"text-3428463111\" class=\"text\">\n\t\t\n<p>Ducano Vanilla wurde von zwei schwedischen Unternehmern mit dem Ziel gegr\u00fcndet, authentische Madagaskar-Vanille nach Europa zu bringen und als erstes vollst\u00e4ndig zertifiziertes Vanilleunternehmen in Skandinavien neue Ma\u00dfst\u00e4be zu setzen.<\/p>\n\t\t\n<style>\n#text-3428463111 {\n  color: rgb(255,255,255);\n}\n#text-3428463111 > * {\n  color: rgb(255,255,255);\n}\n<\/style>\n\t<\/div>\n\t\n\t\t<\/div>\n\t\t\t\t\t<\/div>\n\n\t\n<\/div>\n\t<div id=\"gap-1244382505\" class=\"gap-element clearfix hide-for-small\" style=\"display:block; height:auto;\">\n\t\t\n<style>\n#gap-1244382505 {\n  padding-top: 30px;\n}\n<\/style>\n\t<\/div>\n\t\n\t\t<\/div>\n\n\t\t\n<style>\n#section_747687966 {\n  padding-top: 30px;\n  padding-bottom: 30px;\n  min-height: 400px;\n}\n#section_747687966 .section-bg-overlay {\n  background-color: rgba(0, 0, 0, 0.785);\n}\n#section_747687966 .section-bg img {\n  object-position: 47% 59%;\n}\n<\/style>\n\t<\/section>\n\t\n\n\t<section class=\"section hide-for-small\" id=\"section_1069272739\">\n\t\t<div class=\"section-bg fill\" >\n\t\t\t<img loading=\"lazy\" decoding=\"async\" width=\"2560\" height=\"1440\" src=\"https:\/\/ducanovanilla.com\/wp-content\/uploads\/2025\/11\/ducano-vanilla-antalaha-region-scaled.jpg\" class=\"bg attachment-original size-original\" alt=\"\" \/>\t\t\t\t\t\t<div class=\"section-bg-overlay absolute fill\"><\/div>\n\t\t\t\n\n\t\t<\/div>\n\n\t\t\n\n\t\t<div class=\"section-content relative\">\n\t\t\t\n\t<div id=\"gap-241024293\" class=\"gap-element clearfix\" style=\"display:block; height:auto;\">\n\t\t\n<style>\n#gap-241024293 {\n  padding-top: 30px;\n}\n<\/style>\n\t<\/div>\n\t\n\t\t<\/div>\n\n\t\t\n<style>\n#section_1069272739 {\n  padding-top: 30px;\n  padding-bottom: 30px;\n  min-height: 400px;\n}\n#section_1069272739 .section-bg-overlay {\n  background-color: rgba(0, 0, 0, 0.785);\n}\n#section_1069272739 .section-bg img {\n  object-position: 47% 59%;\n}\n<\/style>\n\t<\/section>\n\t\n\n\n\t<section class=\"section hide-for-small\" id=\"section_1926780583\">\n\t\t<div class=\"section-bg fill\" >\n\t\t\t\t\t\t\t\t\t\n\t\t\t\n\n\t\t<\/div>\n\n\t\t\n\n\t\t<div class=\"section-content relative\">\n\t\t\t\n<div class=\"row\" style=\"max-width:1300px\" id=\"row-258662403\">\n\n\t<div id=\"col-951836205\" class=\"col medium-6 small-12 large-6\"  >\n\t\t\t\t<div class=\"col-inner\"  >\n\t\t\t\n\t\t\t\n\t<div id=\"text-1390481092\" class=\"text\">\n\t\t\n<h1>\u00dcber uns<\/h1>\n\t\t\n<style>\n#text-1390481092 {\n  font-size: 1.9rem;\n  color: rgb(255,255,255);\n}\n#text-1390481092 > * {\n  color: rgb(255,255,255);\n}\n<\/style>\n\t<\/div>\n\t\n\t<div id=\"text-590689787\" class=\"text\">\n\t\t\n<p>Ducano Vanilla wurde von zwei schwedischen Unternehmern mit dem Ziel gegr\u00fcndet, authentische Madagaskar-Vanille nach Europa zu bringen und als erstes vollst\u00e4ndig zertifiziertes Vanilleunternehmen in Skandinavien neue Ma\u00dfst\u00e4be zu setzen.<\/p>\n\t\t\n<style>\n#text-590689787 {\n  color: rgb(255,255,255);\n}\n#text-590689787 > * {\n  color: rgb(255,255,255);\n}\n<\/style>\n\t<\/div>\n\t\n\t\t<\/div>\n\t\t\t\t\n<style>\n#col-951836205 > .col-inner {\n  margin: -400px 0px 0px 0px;\n}\n<\/style>\n\t<\/div>\n\n\t\n\n\t<div id=\"col-1873789448\" class=\"col medium-6 small-12 large-6\"  >\n\t\t\t\t<div class=\"col-inner\"  >\n\t\t\t\n\t\t\t\n\n  <div class=\"banner has-hover\" id=\"banner-2025389396\">\n          <div class=\"banner-inner fill\">\n        <div class=\"banner-bg fill\" >\n            <img loading=\"lazy\" decoding=\"async\" width=\"1600\" height=\"896\" src=\"https:\/\/ducanovanilla.com\/wp-content\/uploads\/2025\/09\/Namnlos-design-9.jpg\" class=\"bg attachment-original size-original\" alt=\"\" \/>                                    \n                    <\/div>\n\t\t\n        <div class=\"banner-layers container\">\n            <div class=\"fill banner-link\"><\/div>            \n   <div id=\"text-box-334454927\" class=\"text-box banner-layer x50 md-x50 lg-x50 y50 md-y50 lg-y50 res-text\">\n                                <div class=\"text-box-content text dark\">\n              \n              <div class=\"text-inner text-center\">\n                  \n              <\/div>\n           <\/div>\n                            \n<style>\n#text-box-334454927 {\n  width: 60%;\n}\n#text-box-334454927 .text-box-content {\n  font-size: 100%;\n}\n<\/style>\n    <\/div>\n \n        <\/div>\n      <\/div>\n\n            \n<style>\n#banner-2025389396 {\n  padding-top: 369px;\n}\n#banner-2025389396 .banner-bg img {\n  object-position: 20% 10%;\n}\n<\/style>\n  <\/div>\n\n\n\t\t<\/div>\n\t\t\t\t\n<style>\n#col-1873789448 > .col-inner {\n  padding: 0px 0px 0px 0px;\n  margin: -400px 0px 0px 0px;\n}\n<\/style>\n\t<\/div>\n\n\t\n\n<style>\n#row-258662403 > .col > .col-inner {\n  padding: 60px 0px 40px 0px;\n}\n<\/style>\n<\/div>\n\t\t<\/div>\n\n\t\t\n<style>\n#section_1926780583 {\n  padding-top: 0px;\n  padding-bottom: 0px;\n}\n<\/style>\n\t<\/section>\n\t\n<div class=\"row row-collapse align-equal\"  id=\"row-1543242177\">\n\n\t<div id=\"col-1196270933\" class=\"col medium-12 small-12 large-6\"  >\n\t\t\t\t<div class=\"col-inner\"  >\n\t\t\t\n\t\t\t\n\t<div id=\"text-3757399010\" class=\"text\">\n\t\t\n<h3>Unsere Arbeit<\/h3>\n\t\t\n<style>\n#text-3757399010 {\n  font-size: 2rem;\n  line-height: 1;\n}\n@media (min-width:550px) {\n  #text-3757399010 {\n    font-size: 1.4rem;\n  }\n}\n<\/style>\n\t<\/div>\n\t\n<div class=\"is-divider divider clearfix\" style=\"max-width:80px;background-color:rgb(37, 113, 38);\"><\/div>\n<p>Ducano Vanilla ist Teil von Ducano AB, einem schwedischen Unternehmen, das sich auf die Beschaffung und Verarbeitung hochwertiger Vanille spezialisiert hat.<\/p>\n<p>Mit einer starken operativen Basis in Schweden kombinieren wir madagassisches Know-how im Anbau mit europ\u00e4ischen Qualit\u00e4tsstandards, um zuverl\u00e4ssige Vanille-L\u00f6sungen f\u00fcr die Lebensmittelindustrie, Aromah\u00e4user und Gro\u00dfh\u00e4ndler zu liefern.<\/p>\n<p>Unsere Arbeit beginnt in Madagaskar, wo wir eng mit Bauern, Kooperativen und Exporteuren zusammenarbeiten. Diese Partnerschaften erm\u00f6glichen es uns, konsistente, hochwertige Rohstoffe zu sichern, eine vollst\u00e4ndige R\u00fcckverfolgbarkeit zu gew\u00e4hrleisten und die nachhaltige Entwicklung in den Gemeinden, in denen Vanille angebaut wird, zu unterst\u00fctzen.<\/p>\n<p>Heute beliefert Ducano Vanilla Kunden in ganz Europa, Nordamerika und dem Nahen Osten.<\/p>\n<a href=\"https:\/\/ducanovanilla.com\/wp-content\/uploads\/2025\/11\/Ducano-Vanilla-Company-Profile-EN-2.pdf\" target=\"_blank\" class=\"button primary is-outline expand\" rel=\"noopener\" >\n\t\t<span>unser Firmenprofil<\/span>\n\t<\/a>\n\n\t\t<\/div>\n\t\t\t\t\n<style>\n#col-1196270933 > .col-inner {\n  padding: 40px 15% 30px 15%;\n}\n@media (min-width:550px) {\n  #col-1196270933 > .col-inner {\n    padding: 60px 15% 60px 15%;\n  }\n}\n@media (min-width:850px) {\n  #col-1196270933 > .col-inner {\n    padding: 20px 40px 7px 40px;\n  }\n}\n<\/style>\n\t<\/div>\n\n\t\n\n\t<div id=\"col-2055366266\" class=\"col medium-6 small-12 large-6\"  >\n\t\t\t\t<div class=\"col-inner\"  >\n\t\t\t\n\t\t\t\n\n  <div class=\"banner has-hover\" id=\"banner-1441355419\">\n          <div class=\"banner-inner fill\">\n        <div class=\"banner-bg fill\" >\n            <img loading=\"lazy\" decoding=\"async\" width=\"2560\" height=\"1706\" src=\"https:\/\/ducanovanilla.com\/wp-content\/uploads\/2025\/11\/ducano-vanilla-sweden-production-team-scaled.jpg\" class=\"bg attachment-original size-original\" alt=\"\" \/>                                    \n                    <\/div>\n\t\t\n        <div class=\"banner-layers container\">\n            <div class=\"fill banner-link\"><\/div>            \n   <div id=\"text-box-256077289\" class=\"text-box banner-layer x50 md-x50 lg-x50 y50 md-y50 lg-y50 res-text\">\n                                <div class=\"text-box-content text dark\">\n              \n              <div class=\"text-inner text-center\">\n                  \n              <\/div>\n           <\/div>\n                            \n<style>\n#text-box-256077289 {\n  width: 60%;\n}\n#text-box-256077289 .text-box-content {\n  font-size: 100%;\n}\n<\/style>\n    <\/div>\n \n        <\/div>\n      <\/div>\n\n            \n<style>\n#banner-1441355419 {\n  padding-top: 67.96%;\n}\n<\/style>\n  <\/div>\n\n\n\t\t<\/div>\n\t\t\t\t\t<\/div>\n\n\t\n\n<style>\n#row-1543242177 > .col > .col-inner {\n  background-color: rgb(255,255,255);\n}\n<\/style>\n<\/div>\n\t<div id=\"gap-1079143462\" class=\"gap-element clearfix\" style=\"display:block; height:auto;\">\n\t\t\n<style>\n#gap-1079143462 {\n  padding-top: 30px;\n}\n<\/style>\n\t<\/div>\n\t\n<div class=\"row row-collapse align-equal\"  id=\"row-974698360\">\n\n\t<div id=\"col-910537185\" class=\"col medium-5 small-12 large-5\"  >\n\t\t\t\t<div class=\"col-inner\"  >\n\t\t\t\n\t\t\t\n\n  <div class=\"banner has-hover\" id=\"banner-24392463\">\n          <div class=\"banner-inner fill\">\n        <div class=\"banner-bg fill\" >\n            <img loading=\"lazy\" decoding=\"async\" width=\"2560\" height=\"1706\" src=\"https:\/\/ducanovanilla.com\/wp-content\/uploads\/2025\/11\/ducano-farmer-andreas-vanilla-scaled.jpg\" class=\"bg attachment-original size-original\" alt=\"\" \/>                                    \n                    <\/div>\n\t\t\n        <div class=\"banner-layers container\">\n            <div class=\"fill banner-link\"><\/div>            \n   <div id=\"text-box-2012270365\" class=\"text-box banner-layer x50 md-x50 lg-x50 y50 md-y50 lg-y50 res-text\">\n                                <div class=\"text-box-content text dark\">\n              \n              <div class=\"text-inner text-center\">\n                  \n              <\/div>\n           <\/div>\n                            \n<style>\n#text-box-2012270365 {\n  width: 60%;\n}\n#text-box-2012270365 .text-box-content {\n  font-size: 100%;\n}\n<\/style>\n    <\/div>\n \n        <\/div>\n      <\/div>\n\n            \n<style>\n#banner-24392463 {\n  padding-top: 88.05%;\n}\n<\/style>\n  <\/div>\n\n\n\t\t<\/div>\n\t\t\t\t\t<\/div>\n\n\t\n\n\t<div id=\"col-2050855663\" class=\"col medium-12 small-12 large-7\"  >\n\t\t\t\t<div class=\"col-inner\"  >\n\t\t\t\n\t\t\t\n\t<div id=\"text-4152434590\" class=\"text\">\n\t\t\n<h3>Vanille auf einem neuen Niveau<\/h3>\n\t\t\n<style>\n#text-4152434590 {\n  font-size: 2rem;\n  line-height: 1;\n}\n@media (min-width:550px) {\n  #text-4152434590 {\n    font-size: 1.4rem;\n  }\n}\n<\/style>\n\t<\/div>\n\t\n<div class=\"is-divider divider clearfix\" style=\"max-width:80px;background-color:rgb(37, 113, 38);\"><\/div>\n<h3>\u00a0<\/h3>\n<h3><img loading=\"lazy\" decoding=\"async\" class=\"alignnone  wp-image-2072\" src=\"https:\/\/ducanovanilla.com\/wp-content\/uploads\/2025\/11\/Din-stycketext-11-400x400.png\" alt=\"\" width=\"40\" height=\"40\" srcset=\"https:\/\/ducanovanilla.com\/wp-content\/uploads\/2025\/11\/Din-stycketext-11-400x400.png 400w, https:\/\/ducanovanilla.com\/wp-content\/uploads\/2025\/11\/Din-stycketext-11-300x300.png 300w, https:\/\/ducanovanilla.com\/wp-content\/uploads\/2025\/11\/Din-stycketext-11-100x100.png 100w, https:\/\/ducanovanilla.com\/wp-content\/uploads\/2025\/11\/Din-stycketext-11.png 500w\" sizes=\"auto, (max-width: 40px) 100vw, 40px\" \/> Mission<\/h3>\n<p>Vanille auf ein neues Niveau zu heben, durch au\u00dfergew\u00f6hnliche Qualit\u00e4tssicherung, vollst\u00e4ndige R\u00fcckverfolgbarkeit, zertifizierte Abl\u00e4ufe und langfristige Partnerschaften, die \u00fcber die gesamte Lieferkette hinweg einen echten Mehrwert schaffen.\u00a0<\/p>\n<h3><img loading=\"lazy\" decoding=\"async\" class=\"alignnone  wp-image-2071\" src=\"https:\/\/ducanovanilla.com\/wp-content\/uploads\/2025\/11\/Din-stycketext-10-400x400.png\" alt=\"\" width=\"39\" height=\"39\" srcset=\"https:\/\/ducanovanilla.com\/wp-content\/uploads\/2025\/11\/Din-stycketext-10-400x400.png 400w, https:\/\/ducanovanilla.com\/wp-content\/uploads\/2025\/11\/Din-stycketext-10-300x300.png 300w, https:\/\/ducanovanilla.com\/wp-content\/uploads\/2025\/11\/Din-stycketext-10-100x100.png 100w, https:\/\/ducanovanilla.com\/wp-content\/uploads\/2025\/11\/Din-stycketext-10.png 500w\" sizes=\"auto, (max-width: 39px) 100vw, 39px\" \/> Vision<\/h3>\n<div>\n<div>\n<div>\n<p>Wir wollen der vertrauensw\u00fcrdigste und zuverl\u00e4ssigste Partner bei der Lieferung hochwertiger, zertifizierter Vanille an Kunden in aller Welt sein.<\/p>\n<\/div>\n<\/div>\n<\/div>\n\t\t<\/div>\n\t\t\t\t\n<style>\n#col-2050855663 > .col-inner {\n  padding: 40px 15% 30px 15%;\n}\n@media (min-width:550px) {\n  #col-2050855663 > .col-inner {\n    padding: 60px 15% 60px 15%;\n  }\n}\n@media (min-width:850px) {\n  #col-2050855663 > .col-inner {\n    padding: 20px 40px 40px 40px;\n  }\n}\n<\/style>\n\t<\/div>\n\n\t\n\n<style>\n#row-974698360 > .col > .col-inner {\n  background-color: rgb(255,255,255);\n}\n<\/style>\n<\/div>\n\n\t<section class=\"section\" id=\"section_1062447545\">\n\t\t<div class=\"section-bg fill\" >\n\t\t\t\t\t\t\t\t\t\n\t\t\t\n\n\t\t<\/div>\n\n\t\t\n\n\t\t<div class=\"section-content relative\">\n\t\t\t\n<div class=\"row row-collapse align-equal\"  id=\"row-585042670\">\n\n\t<div id=\"col-1140194877\" class=\"col medium-7 small-12 large-7\"  >\n\t\t\t\t<div class=\"col-inner\"  >\n\t\t\t\n\t\t\t\n\n  <div class=\"banner has-hover\" id=\"banner-1025583579\">\n          <div class=\"banner-inner fill\">\n        <div class=\"banner-bg fill\" >\n            <img loading=\"lazy\" decoding=\"async\" width=\"2560\" height=\"1440\" src=\"https:\/\/ducanovanilla.com\/wp-content\/uploads\/2025\/11\/team-ducano-extract-vanilla-supplier-sweden-scandinavia-scaled.jpg\" class=\"bg attachment-original size-original\" alt=\"\" \/>                        <div class=\"overlay\"><\/div>            \n                    <\/div>\n\t\t\n        <div class=\"banner-layers container\">\n            <div class=\"fill banner-link\"><\/div>            \n   <div id=\"text-box-1560483306\" class=\"text-box banner-layer x50 md-x50 lg-x50 y50 md-y50 lg-y50 res-text\">\n                                <div class=\"text-box-content text dark\">\n              \n              <div class=\"text-inner text-center\">\n                  \n              <\/div>\n           <\/div>\n                            \n<style>\n#text-box-1560483306 {\n  width: 60%;\n}\n#text-box-1560483306 .text-box-content {\n  font-size: 100%;\n}\n@media (min-width:550px) {\n  #text-box-1560483306 {\n    width: 60%;\n  }\n}\n<\/style>\n    <\/div>\n \n        <\/div>\n      <\/div>\n\n            \n<style>\n#banner-1025583579 {\n  padding-top: 250px;\n  background-color: rgba(255, 255, 255, 0);\n}\n#banner-1025583579 .overlay {\n  background-color: rgba(0, 0, 0, 0.25);\n}\n#banner-1025583579 .banner-bg img {\n  object-position: 36% 94%;\n}\n@media (min-width:550px) {\n  #banner-1025583579 {\n    padding-top: 400px;\n  }\n}\n<\/style>\n  <\/div>\n\n\n\t\t<\/div>\n\t\t\t\t\t<\/div>\n\n\t\n\n\t<div id=\"col-706050545\" class=\"col medium-5 small-12 large-5\"  >\n\t\t\t\t<div class=\"col-inner text-left\" style=\"background-color:rgb(255,255,255);\" >\n\t\t\t\n\t\t\t\n\t<div id=\"text-700198462\" class=\"text\">\n\t\t\n<h3>Nehmen Sie Kontakt mit unserem Team auf<\/h3>\n\t\t\n<style>\n#text-700198462 {\n  font-size: 1.55rem;\n  line-height: 1.05;\n  text-align: left;\n}\n<\/style>\n\t<\/div>\n\t\n\t<div id=\"text-1630929445\" class=\"text\">\n\t\t\n<p>Wir helfen Ihnen gerne mit Produktinformationen, Zertifizierungen oder Mustern.<\/p>\n\t\t\n<style>\n#text-1630929445 {\n  font-size: 1rem;\n  text-align: left;\n}\n<\/style>\n\t<\/div>\n\t\n<a href=\"https:\/\/ducanovanilla.com\/de\/kontaktieren-sie-uns\/\" class=\"button primary\" >\n\t\t<span>Kontakt<\/span>\n\t<\/a>\n\n\t\t<\/div>\n\t\t\t\t\n<style>\n#col-706050545 > .col-inner {\n  padding: 15% 10px 15% 10%;\n}\n<\/style>\n\t<\/div>\n\n\t\n\n<style>\n#row-585042670 > .col > .col-inner {\n  background-color: rgb(255,255,255);\n}\n<\/style>\n<\/div>\n\t\t<\/div>\n\n\t\t\n<style>\n#section_1062447545 {\n  padding-top: 30px;\n  padding-bottom: 30px;\n}\n<\/style>\n\t<\/section>","protected":false},"excerpt":{"rendered":"","protected":false},"author":1,"featured_media":0,"parent":0,"menu_order":0,"comment_status":"closed","ping_status":"closed","template":"page-blank.php","meta":{"footnotes":""},"class_list":["post-889","page","type-page","status-publish","hentry"],"_links":{"self":[{"href":"https:\/\/ducanovanilla.com\/de\/wp-json\/wp\/v2\/pages\/889","targetHints":{"allow":["GET"]}}],"collection":[{"href":"https:\/\/ducanovanilla.com\/de\/wp-json\/wp\/v2\/pages"}],"about":[{"href":"https:\/\/ducanovanilla.com\/de\/wp-json\/wp\/v2\/types\/page"}],"author":[{"embeddable":true,"href":"https:\/\/ducanovanilla.com\/de\/wp-json\/wp\/v2\/users\/1"}],"replies":[{"embeddable":true,"href":"https:\/\/ducanovanilla.com\/de\/wp-json\/wp\/v2\/comments?post=889"}],"version-history":[{"count":108,"href":"https:\/\/ducanovanilla.com\/de\/wp-json\/wp\/v2\/pages\/889\/revisions"}],"predecessor-version":[{"id":2286,"href":"https:\/\/ducanovanilla.com\/de\/wp-json\/wp\/v2\/pages\/889\/revisions\/2286"}],"wp:attachment":[{"href":"https:\/\/ducanovanilla.com\/de\/wp-json\/wp\/v2\/media?parent=889"}],"curies":[{"name":"wp","href":"https:\/\/api.w.org\/{rel}","templated":true}]}}