{"id":1757,"date":"2025-11-13T16:54:10","date_gmt":"2025-11-13T16:54:10","guid":{"rendered":"https:\/\/ducanovanilla.com\/?page_id=1757"},"modified":"2026-03-25T08:59:03","modified_gmt":"2026-03-25T08:59:03","slug":"legal-notice","status":"publish","type":"page","link":"https:\/\/ducanovanilla.com\/es\/legal-notice\/","title":{"rendered":"Aviso legal"},"content":{"rendered":"<h2 data-start=\"257\" data-end=\"276\"><strong data-start=\"260\" data-end=\"276\">Aviso legal<\/strong><\/h2>\n<p data-start=\"278\" data-end=\"361\"><strong data-start=\"278\" data-end=\"299\">Operador del sitio web:<\/strong><br data-start=\"299\" data-end=\"302\" \/>Ducano AB<br data-start=\"311\" data-end=\"314\" \/>Gruvgatan 2<br data-start=\"325\" data-end=\"328\" \/>421 30 V\u00e4stra Fr\u00f6lunda<br data-start=\"350\" data-end=\"353\" \/>Suecia<\/p>\n<p data-start=\"363\" data-end=\"550\"><strong data-start=\"363\" data-end=\"378\">N\u00famero de IVA:<\/strong> SE559401606401<br data-start=\"393\" data-end=\"396\" \/><strong data-start=\"396\" data-end=\"406\">Correo electr\u00f3nico:<\/strong> <a class=\"decorated-link cursor-pointer\" rel=\"noopener\" data-start=\"407\" data-end=\"429\">info@ducanovanilla.com<\/a><\/p>\n<p data-start=\"363\" data-end=\"550\"><strong data-start=\"396\" data-end=\"406\">Quejas: <\/strong>complaints@ducano.se<\/p>\n<p data-start=\"363\" data-end=\"550\"><strong data-start=\"432\" data-end=\"442\">Tel\u00e9fono:<\/strong> +46 704 49 48 78 \/ +46 707 60 96 29<br data-start=\"478\" data-end=\"481\" \/><strong data-start=\"481\" data-end=\"493\">P\u00e1gina web:<\/strong> <a class=\"decorated-link\" href=\"https:\/\/ducanovanilla.com\/es\/\" target=\"_new\" rel=\"noopener\" data-start=\"494\" data-end=\"548\">www.ducanovanilla.com<\/a><\/p>\n<hr data-start=\"552\" data-end=\"555\" \/>\n<h3 data-start=\"557\" data-end=\"590\"><strong data-start=\"561\" data-end=\"588\">Responsable del contenido<\/strong><\/h3>\n<p data-start=\"591\" data-end=\"829\">Ducano AB es responsable de todo el contenido publicado en este sitio web.<br data-start=\"658\" data-end=\"661\" \/>Aunque hacemos todo lo posible por garantizar la exactitud e integridad de la informaci\u00f3n proporcionada, no aceptamos responsabilidad alguna por errores, omisiones o contenidos obsoletos.<\/p>\n<hr data-start=\"831\" data-end=\"834\" \/>\n<h3 data-start=\"836\" data-end=\"860\"><strong data-start=\"840\" data-end=\"858\">Enlaces externos<\/strong><\/h3>\n<p data-start=\"861\" data-end=\"1058\">Nuestro sitio web puede contener enlaces a sitios web de terceros.<br data-start=\"915\" data-end=\"918\" \/>No tenemos ning\u00fan control sobre el contenido de estos sitios web y, por lo tanto, no aceptamos ninguna responsabilidad por su exactitud, legalidad o fiabilidad.<\/p>\n<hr data-start=\"1060\" data-end=\"1063\" \/>\n<h3 data-start=\"1065\" data-end=\"1101\"><strong data-start=\"1069\" data-end=\"1099\">Derechos de autor y de imagen<\/strong><\/h3>\n<p data-start=\"1102\" data-end=\"1325\">Todos los textos, im\u00e1genes, gr\u00e1ficos y logotipos de este sitio web son propiedad de Ducano AB o de sus socios y est\u00e1n protegidos por la ley de propiedad intelectual.<br data-start=\"1237\" data-end=\"1240\" \/>Queda prohibida cualquier reproducci\u00f3n, distribuci\u00f3n o utilizaci\u00f3n sin el consentimiento previo por escrito.<\/p>\n<p data-start=\"1327\" data-end=\"1706\">Ducano AB posee todos los derechos de las im\u00e1genes que aparecen en este sitio web, <strong data-start=\"1396\" data-end=\"1479\">excepto algunas im\u00e1genes de la p\u00e1gina \u201cNuestro proceso\u201d que muestran la esterilizaci\u00f3n por vapor<\/strong>, proporcionadas por y propiedad de <strong data-start=\"1516\" data-end=\"1529\">Steripure<\/strong>.<br data-start=\"1530\" data-end=\"1533\" \/>Estas im\u00e1genes se utilizan con permiso y son propiedad de Steripure.<br data-start=\"1608\" data-end=\"1611\" \/>Todas las im\u00e1genes propiedad de Steripure est\u00e1n acreditadas con el texto <strong data-start=\"1665\" data-end=\"1706\">\u201cLeeloo MARQUES MOLEIRO \/ Steripure.\u201d<\/strong><\/p>\n<hr data-start=\"1708\" data-end=\"1711\" \/>\n<h3 data-start=\"1713\" data-end=\"1736\"><strong data-start=\"1717\" data-end=\"1734\">Legislaci\u00f3n aplicable<\/strong><\/h3>\n<p data-start=\"1737\" data-end=\"1944\">Este Aviso Legal y el uso de este sitio web se rigen por las leyes de Suecia.<br data-start=\"1818\" data-end=\"1821\" \/>Cualquier disputa que surja en relaci\u00f3n con el sitio web estar\u00e1 sujeta a la jurisdicci\u00f3n exclusiva de los tribunales suecos.<\/p>","protected":false},"excerpt":{"rendered":"<p>Legal Notice Website operator:Ducano ABGruvgatan 2421 30 V\u00e4stra Fr\u00f6lundaSweden VAT number: SE559401606401Email: info@ducanovanilla.com Complaints: complaints@ducano.se Phone: +46 704 49 48 78 \/ +46 707 60 96 29Website: www.ducanovanilla.com Responsible for content Ducano AB is responsible for all content published on this website.While we make every effort to ensure the accuracy and completeness of the information [&#8230;]\n","protected":false},"author":1,"featured_media":0,"parent":0,"menu_order":0,"comment_status":"closed","ping_status":"closed","template":"","meta":{"footnotes":""},"class_list":["post-1757","page","type-page","status-publish","hentry"],"_links":{"self":[{"href":"https:\/\/ducanovanilla.com\/es\/wp-json\/wp\/v2\/pages\/1757","targetHints":{"allow":["GET"]}}],"collection":[{"href":"https:\/\/ducanovanilla.com\/es\/wp-json\/wp\/v2\/pages"}],"about":[{"href":"https:\/\/ducanovanilla.com\/es\/wp-json\/wp\/v2\/types\/page"}],"author":[{"embeddable":true,"href":"https:\/\/ducanovanilla.com\/es\/wp-json\/wp\/v2\/users\/1"}],"replies":[{"embeddable":true,"href":"https:\/\/ducanovanilla.com\/es\/wp-json\/wp\/v2\/comments?post=1757"}],"version-history":[{"count":4,"href":"https:\/\/ducanovanilla.com\/es\/wp-json\/wp\/v2\/pages\/1757\/revisions"}],"predecessor-version":[{"id":2827,"href":"https:\/\/ducanovanilla.com\/es\/wp-json\/wp\/v2\/pages\/1757\/revisions\/2827"}],"wp:attachment":[{"href":"https:\/\/ducanovanilla.com\/es\/wp-json\/wp\/v2\/media?parent=1757"}],"curies":[{"name":"wp","href":"https:\/\/api.w.org\/{rel}","templated":true}]}}