{"id":889,"date":"2025-10-27T09:34:05","date_gmt":"2025-10-27T09:34:05","guid":{"rendered":"https:\/\/ducanovanilla.com\/?page_id=889"},"modified":"2025-12-29T08:55:21","modified_gmt":"2025-12-29T08:55:21","slug":"sobre-nosotros-2","status":"publish","type":"page","link":"https:\/\/ducanovanilla.com\/es\/about-us-2\/","title":{"rendered":"Qui\u00e9nes somos"},"content":{"rendered":"<section class=\"section show-for-medium\" id=\"section_414266176\">\n\t\t<div class=\"section-bg fill\" >\n\t\t\t<img loading=\"lazy\" decoding=\"async\" width=\"2560\" height=\"1440\" src=\"https:\/\/ducanovanilla.com\/wp-content\/uploads\/2025\/11\/ducano-vanilla-antalaha-region-scaled.jpg\" class=\"bg attachment-original size-original\" alt=\"\" \/>\t\t\t\t\t\t<div class=\"section-bg-overlay absolute fill\"><\/div>\n\t\t\t\n\n\t\t<\/div>\n\n\t\t\n\n\t\t<div class=\"section-content relative\">\n\t\t\t\n<div class=\"row\"  id=\"row-345081861\">\n\n\t<div id=\"col-1555310463\" class=\"col small-12 large-12\"  >\n\t\t\t\t<div class=\"col-inner\"  >\n\t\t\t\n\t\t\t\n\n  <div class=\"banner has-hover\" id=\"banner-1026611726\">\n          <div class=\"banner-inner fill\">\n        <div class=\"banner-bg fill\" >\n            <img loading=\"lazy\" decoding=\"async\" width=\"1020\" height=\"571\" src=\"https:\/\/ducanovanilla.com\/wp-content\/uploads\/2025\/09\/Namnlos-design-9-1400x784.jpg\" class=\"bg attachment-large size-large\" alt=\"\" \/>                                    \n                    <\/div>\n\t\t\n        <div class=\"banner-layers container\">\n            <div class=\"fill banner-link\"><\/div>            \n   <div id=\"text-box-1885447698\" class=\"text-box banner-layer x50 md-x50 lg-x50 y50 md-y50 lg-y50 res-text\">\n                                <div class=\"text-box-content text dark\">\n              \n              <div class=\"text-inner text-center\">\n                  \n              <\/div>\n           <\/div>\n                            \n<style>\n#text-box-1885447698 {\n  width: 60%;\n}\n#text-box-1885447698 .text-box-content {\n  font-size: 100%;\n}\n<\/style>\n    <\/div>\n \n        <\/div>\n      <\/div>\n\n            \n<style>\n#banner-1026611726 {\n  padding-top: 175px;\n}\n@media (min-width:550px) {\n  #banner-1026611726 {\n    padding-top: 500px;\n  }\n}\n<\/style>\n  <\/div>\n\n\n\t<div id=\"text-857305151\" class=\"text\">\n\t\t\n<h1>Qui\u00e9nes somos<\/h1>\n\t\t\n<style>\n#text-857305151 {\n  font-size: 1.95rem;\n  color: rgb(255,255,255);\n}\n#text-857305151 > * {\n  color: rgb(255,255,255);\n}\n<\/style>\n\t<\/div>\n\t\n\t<div id=\"text-3526921837\" class=\"text\">\n\t\t\n<p>Fundada por dos empresarios suecos, Ducano Vanilla se bas\u00f3 en una \u00fanica ambici\u00f3n: traer la aut\u00e9ntica vainilla de Madagascar a Europa y establecer un nuevo punto de referencia como primera empresa escandinava de vainilla totalmente certificada.<\/p>\n\t\t\n<style>\n#text-3526921837 {\n  color: rgb(255,255,255);\n}\n#text-3526921837 > * {\n  color: rgb(255,255,255);\n}\n<\/style>\n\t<\/div>\n\t\n\t\t<\/div>\n\t\t\t\t\t<\/div>\n\n\t\n<\/div>\n\t<div id=\"gap-1909610247\" class=\"gap-element clearfix hide-for-small\" style=\"display:block; height:auto;\">\n\t\t\n<style>\n#gap-1909610247 {\n  padding-top: 30px;\n}\n<\/style>\n\t<\/div>\n\t\n\t\t<\/div>\n\n\t\t\n<style>\n#section_414266176 {\n  padding-top: 30px;\n  padding-bottom: 30px;\n  min-height: 400px;\n}\n#section_414266176 .section-bg-overlay {\n  background-color: rgba(0, 0, 0, 0.785);\n}\n#section_414266176 .section-bg img {\n  object-position: 47% 59%;\n}\n<\/style>\n\t<\/section>\n\t\n\n\t<section class=\"section hide-for-small\" id=\"section_23428162\">\n\t\t<div class=\"section-bg fill\" >\n\t\t\t<img loading=\"lazy\" decoding=\"async\" width=\"2560\" height=\"1440\" src=\"https:\/\/ducanovanilla.com\/wp-content\/uploads\/2025\/11\/ducano-vanilla-antalaha-region-scaled.jpg\" class=\"bg attachment-original size-original\" alt=\"\" \/>\t\t\t\t\t\t<div class=\"section-bg-overlay absolute fill\"><\/div>\n\t\t\t\n\n\t\t<\/div>\n\n\t\t\n\n\t\t<div class=\"section-content relative\">\n\t\t\t\n\t<div id=\"gap-96126635\" class=\"gap-element clearfix\" style=\"display:block; height:auto;\">\n\t\t\n<style>\n#gap-96126635 {\n  padding-top: 30px;\n}\n<\/style>\n\t<\/div>\n\t\n\t\t<\/div>\n\n\t\t\n<style>\n#section_23428162 {\n  padding-top: 30px;\n  padding-bottom: 30px;\n  min-height: 400px;\n}\n#section_23428162 .section-bg-overlay {\n  background-color: rgba(0, 0, 0, 0.785);\n}\n#section_23428162 .section-bg img {\n  object-position: 47% 59%;\n}\n<\/style>\n\t<\/section>\n\t\n\n\n\t<section class=\"section hide-for-small\" id=\"section_269377314\">\n\t\t<div class=\"section-bg fill\" >\n\t\t\t\t\t\t\t\t\t\n\t\t\t\n\n\t\t<\/div>\n\n\t\t\n\n\t\t<div class=\"section-content relative\">\n\t\t\t\n<div class=\"row\" style=\"max-width:1300px\" id=\"row-2018725669\">\n\n\t<div id=\"col-1716901086\" class=\"col medium-6 small-12 large-6\"  >\n\t\t\t\t<div class=\"col-inner\"  >\n\t\t\t\n\t\t\t\n\t<div id=\"text-3358392810\" class=\"text\">\n\t\t\n<h1>Qui\u00e9nes somos<\/h1>\n\t\t\n<style>\n#text-3358392810 {\n  font-size: 1.9rem;\n  color: rgb(255,255,255);\n}\n#text-3358392810 > * {\n  color: rgb(255,255,255);\n}\n<\/style>\n\t<\/div>\n\t\n\t<div id=\"text-3451126888\" class=\"text\">\n\t\t\n<p>Fundada por dos empresarios suecos, Ducano Vanilla se bas\u00f3 en una \u00fanica ambici\u00f3n: traer la aut\u00e9ntica vainilla de Madagascar a Europa y establecer un nuevo punto de referencia como primera empresa escandinava de vainilla totalmente certificada.<\/p>\n\t\t\n<style>\n#text-3451126888 {\n  color: rgb(255,255,255);\n}\n#text-3451126888 > * {\n  color: rgb(255,255,255);\n}\n<\/style>\n\t<\/div>\n\t\n\t\t<\/div>\n\t\t\t\t\n<style>\n#col-1716901086 > .col-inner {\n  margin: -400px 0px 0px 0px;\n}\n<\/style>\n\t<\/div>\n\n\t\n\n\t<div id=\"col-221860250\" class=\"col medium-6 small-12 large-6\"  >\n\t\t\t\t<div class=\"col-inner\"  >\n\t\t\t\n\t\t\t\n\n  <div class=\"banner has-hover\" id=\"banner-493713072\">\n          <div class=\"banner-inner fill\">\n        <div class=\"banner-bg fill\" >\n            <img loading=\"lazy\" decoding=\"async\" width=\"1600\" height=\"896\" src=\"https:\/\/ducanovanilla.com\/wp-content\/uploads\/2025\/09\/Namnlos-design-9.jpg\" class=\"bg attachment-original size-original\" alt=\"\" \/>                                    \n                    <\/div>\n\t\t\n        <div class=\"banner-layers container\">\n            <div class=\"fill banner-link\"><\/div>            \n   <div id=\"text-box-529420063\" class=\"text-box banner-layer x50 md-x50 lg-x50 y50 md-y50 lg-y50 res-text\">\n                                <div class=\"text-box-content text dark\">\n              \n              <div class=\"text-inner text-center\">\n                  \n              <\/div>\n           <\/div>\n                            \n<style>\n#text-box-529420063 {\n  width: 60%;\n}\n#text-box-529420063 .text-box-content {\n  font-size: 100%;\n}\n<\/style>\n    <\/div>\n \n        <\/div>\n      <\/div>\n\n            \n<style>\n#banner-493713072 {\n  padding-top: 369px;\n}\n#banner-493713072 .banner-bg img {\n  object-position: 20% 10%;\n}\n<\/style>\n  <\/div>\n\n\n\t\t<\/div>\n\t\t\t\t\n<style>\n#col-221860250 > .col-inner {\n  padding: 0px 0px 0px 0px;\n  margin: -400px 0px 0px 0px;\n}\n<\/style>\n\t<\/div>\n\n\t\n\n<style>\n#row-2018725669 > .col > .col-inner {\n  padding: 60px 0px 40px 0px;\n}\n<\/style>\n<\/div>\n\t\t<\/div>\n\n\t\t\n<style>\n#section_269377314 {\n  padding-top: 0px;\n  padding-bottom: 0px;\n}\n<\/style>\n\t<\/section>\n\t\n<div class=\"row row-collapse align-equal\"  id=\"row-1997265520\">\n\n\t<div id=\"col-561996281\" class=\"col medium-12 small-12 large-6\"  >\n\t\t\t\t<div class=\"col-inner\"  >\n\t\t\t\n\t\t\t\n\t<div id=\"text-2908761459\" class=\"text\">\n\t\t\n<h3>Nuestro trabajo<\/h3>\n\t\t\n<style>\n#text-2908761459 {\n  font-size: 2rem;\n  line-height: 1;\n}\n@media (min-width:550px) {\n  #text-2908761459 {\n    font-size: 1.4rem;\n  }\n}\n<\/style>\n\t<\/div>\n\t\n<div class=\"is-divider divider clearfix\" style=\"max-width:80px;background-color:rgb(37, 113, 38);\"><\/div>\n<p>Ducano Vanilla forma parte de Ducano AB, una empresa sueca especializada en el abastecimiento y la transformaci\u00f3n de vainilla de alta calidad.<\/p>\n<p>Con una s\u00f3lida base operativa en Suecia, combinamos el saber hacer malgache en el cultivo con las normas de calidad europeas para ofrecer soluciones fiables de vainilla a la industria alimentaria, las casas de aromas y los mayoristas.<\/p>\n<p>Nuestro trabajo comienza en Madagascar, donde colaboramos estrechamente con agricultores, cooperativas y exportadores. Estas alianzas nos permiten asegurar materias primas consistentes y de alta calidad, garantizar una trazabilidad total y apoyar el desarrollo sostenible de las comunidades donde se cultiva la vainilla.<\/p>\n<p>En la actualidad, Ducano Vanilla suministra a clientes de toda Europa, Norteam\u00e9rica y Oriente Medio.<\/p>\n<a href=\"https:\/\/ducanovanilla.com\/wp-content\/uploads\/2025\/11\/Ducano-Vanilla-Company-Profile-EN-2.pdf\" target=\"_blank\" class=\"button primary is-outline expand\" rel=\"noopener\" >\n\t\t<span>perfil de la empresa<\/span>\n\t<\/a>\n\n\t\t<\/div>\n\t\t\t\t\n<style>\n#col-561996281 > .col-inner {\n  padding: 40px 15% 30px 15%;\n}\n@media (min-width:550px) {\n  #col-561996281 > .col-inner {\n    padding: 60px 15% 60px 15%;\n  }\n}\n@media (min-width:850px) {\n  #col-561996281 > .col-inner {\n    padding: 20px 40px 7px 40px;\n  }\n}\n<\/style>\n\t<\/div>\n\n\t\n\n\t<div id=\"col-154332518\" class=\"col medium-6 small-12 large-6\"  >\n\t\t\t\t<div class=\"col-inner\"  >\n\t\t\t\n\t\t\t\n\n  <div class=\"banner has-hover\" id=\"banner-1994911041\">\n          <div class=\"banner-inner fill\">\n        <div class=\"banner-bg fill\" >\n            <img loading=\"lazy\" decoding=\"async\" width=\"2560\" height=\"1706\" src=\"https:\/\/ducanovanilla.com\/wp-content\/uploads\/2025\/11\/ducano-vanilla-sweden-production-team-scaled.jpg\" class=\"bg attachment-original size-original\" alt=\"\" \/>                                    \n                    <\/div>\n\t\t\n        <div class=\"banner-layers container\">\n            <div class=\"fill banner-link\"><\/div>            \n   <div id=\"text-box-1488826871\" class=\"text-box banner-layer x50 md-x50 lg-x50 y50 md-y50 lg-y50 res-text\">\n                                <div class=\"text-box-content text dark\">\n              \n              <div class=\"text-inner text-center\">\n                  \n              <\/div>\n           <\/div>\n                            \n<style>\n#text-box-1488826871 {\n  width: 60%;\n}\n#text-box-1488826871 .text-box-content {\n  font-size: 100%;\n}\n<\/style>\n    <\/div>\n \n        <\/div>\n      <\/div>\n\n            \n<style>\n#banner-1994911041 {\n  padding-top: 67.96%;\n}\n<\/style>\n  <\/div>\n\n\n\t\t<\/div>\n\t\t\t\t\t<\/div>\n\n\t\n\n<style>\n#row-1997265520 > .col > .col-inner {\n  background-color: rgb(255,255,255);\n}\n<\/style>\n<\/div>\n\t<div id=\"gap-1106826310\" class=\"gap-element clearfix\" style=\"display:block; height:auto;\">\n\t\t\n<style>\n#gap-1106826310 {\n  padding-top: 30px;\n}\n<\/style>\n\t<\/div>\n\t\n<div class=\"row row-collapse align-equal\"  id=\"row-1468277497\">\n\n\t<div id=\"col-1124633797\" class=\"col medium-5 small-12 large-5\"  >\n\t\t\t\t<div class=\"col-inner\"  >\n\t\t\t\n\t\t\t\n\n  <div class=\"banner has-hover\" id=\"banner-1791091260\">\n          <div class=\"banner-inner fill\">\n        <div class=\"banner-bg fill\" >\n            <img loading=\"lazy\" decoding=\"async\" width=\"2560\" height=\"1706\" src=\"https:\/\/ducanovanilla.com\/wp-content\/uploads\/2025\/11\/ducano-farmer-andreas-vanilla-scaled.jpg\" class=\"bg attachment-original size-original\" alt=\"\" \/>                                    \n                    <\/div>\n\t\t\n        <div class=\"banner-layers container\">\n            <div class=\"fill banner-link\"><\/div>            \n   <div id=\"text-box-1888274416\" class=\"text-box banner-layer x50 md-x50 lg-x50 y50 md-y50 lg-y50 res-text\">\n                                <div class=\"text-box-content text dark\">\n              \n              <div class=\"text-inner text-center\">\n                  \n              <\/div>\n           <\/div>\n                            \n<style>\n#text-box-1888274416 {\n  width: 60%;\n}\n#text-box-1888274416 .text-box-content {\n  font-size: 100%;\n}\n<\/style>\n    <\/div>\n \n        <\/div>\n      <\/div>\n\n            \n<style>\n#banner-1791091260 {\n  padding-top: 88.05%;\n}\n<\/style>\n  <\/div>\n\n\n\t\t<\/div>\n\t\t\t\t\t<\/div>\n\n\t\n\n\t<div id=\"col-1418418382\" class=\"col medium-12 small-12 large-7\"  >\n\t\t\t\t<div class=\"col-inner\"  >\n\t\t\t\n\t\t\t\n\t<div id=\"text-3354244347\" class=\"text\">\n\t\t\n<h3>Llevar la vainilla a un nuevo nivel<\/h3>\n\t\t\n<style>\n#text-3354244347 {\n  font-size: 2rem;\n  line-height: 1;\n}\n@media (min-width:550px) {\n  #text-3354244347 {\n    font-size: 1.4rem;\n  }\n}\n<\/style>\n\t<\/div>\n\t\n<div class=\"is-divider divider clearfix\" style=\"max-width:80px;background-color:rgb(37, 113, 38);\"><\/div>\n<h3>\u00a0<\/h3>\n<h3><img loading=\"lazy\" decoding=\"async\" class=\"alignnone  wp-image-2072\" src=\"https:\/\/ducanovanilla.com\/wp-content\/uploads\/2025\/11\/Din-stycketext-11-400x400.png\" alt=\"\" width=\"40\" height=\"40\" srcset=\"https:\/\/ducanovanilla.com\/wp-content\/uploads\/2025\/11\/Din-stycketext-11-400x400.png 400w, https:\/\/ducanovanilla.com\/wp-content\/uploads\/2025\/11\/Din-stycketext-11-300x300.png 300w, https:\/\/ducanovanilla.com\/wp-content\/uploads\/2025\/11\/Din-stycketext-11-100x100.png 100w, https:\/\/ducanovanilla.com\/wp-content\/uploads\/2025\/11\/Din-stycketext-11.png 500w\" sizes=\"auto, (max-width: 40px) 100vw, 40px\" \/> Misi\u00f3n<\/h3>\n<p>Llevar la vainilla a un nuevo nivel, mediante una garant\u00eda de calidad excepcional, trazabilidad total, operaciones certificadas y asociaciones a largo plazo que creen valor real en toda la cadena de suministro.\u00a0<\/p>\n<h3><img loading=\"lazy\" decoding=\"async\" class=\"alignnone  wp-image-2071\" src=\"https:\/\/ducanovanilla.com\/wp-content\/uploads\/2025\/11\/Din-stycketext-10-400x400.png\" alt=\"\" width=\"39\" height=\"39\" srcset=\"https:\/\/ducanovanilla.com\/wp-content\/uploads\/2025\/11\/Din-stycketext-10-400x400.png 400w, https:\/\/ducanovanilla.com\/wp-content\/uploads\/2025\/11\/Din-stycketext-10-300x300.png 300w, https:\/\/ducanovanilla.com\/wp-content\/uploads\/2025\/11\/Din-stycketext-10-100x100.png 100w, https:\/\/ducanovanilla.com\/wp-content\/uploads\/2025\/11\/Din-stycketext-10.png 500w\" sizes=\"auto, (max-width: 39px) 100vw, 39px\" \/> Visi\u00f3n<\/h3>\n<div>\n<div>\n<div>\n<p>Ser el socio m\u00e1s fiable y fiable en el suministro de vainilla certificada de alta calidad a clientes de todo el mundo.<\/p>\n<\/div>\n<\/div>\n<\/div>\n\t\t<\/div>\n\t\t\t\t\n<style>\n#col-1418418382 > .col-inner {\n  padding: 40px 15% 30px 15%;\n}\n@media (min-width:550px) {\n  #col-1418418382 > .col-inner {\n    padding: 60px 15% 60px 15%;\n  }\n}\n@media (min-width:850px) {\n  #col-1418418382 > .col-inner {\n    padding: 20px 40px 40px 40px;\n  }\n}\n<\/style>\n\t<\/div>\n\n\t\n\n<style>\n#row-1468277497 > .col > .col-inner {\n  background-color: rgb(255,255,255);\n}\n<\/style>\n<\/div>\n\n\t<section class=\"section\" id=\"section_1459980262\">\n\t\t<div class=\"section-bg fill\" >\n\t\t\t\t\t\t\t\t\t\n\t\t\t\n\n\t\t<\/div>\n\n\t\t\n\n\t\t<div class=\"section-content relative\">\n\t\t\t\n<div class=\"row row-collapse align-equal\"  id=\"row-918083627\">\n\n\t<div id=\"col-1452469956\" class=\"col medium-7 small-12 large-7\"  >\n\t\t\t\t<div class=\"col-inner\"  >\n\t\t\t\n\t\t\t\n\n  <div class=\"banner has-hover\" id=\"banner-771219904\">\n          <div class=\"banner-inner fill\">\n        <div class=\"banner-bg fill\" >\n            <img loading=\"lazy\" decoding=\"async\" width=\"2560\" height=\"1440\" src=\"https:\/\/ducanovanilla.com\/wp-content\/uploads\/2025\/11\/team-ducano-extract-vanilla-supplier-sweden-scandinavia-scaled.jpg\" class=\"bg attachment-original size-original\" alt=\"\" \/>                        <div class=\"overlay\"><\/div>            \n                    <\/div>\n\t\t\n        <div class=\"banner-layers container\">\n            <div class=\"fill banner-link\"><\/div>            \n   <div id=\"text-box-1589482391\" class=\"text-box banner-layer x50 md-x50 lg-x50 y50 md-y50 lg-y50 res-text\">\n                                <div class=\"text-box-content text dark\">\n              \n              <div class=\"text-inner text-center\">\n                  \n              <\/div>\n           <\/div>\n                            \n<style>\n#text-box-1589482391 {\n  width: 60%;\n}\n#text-box-1589482391 .text-box-content {\n  font-size: 100%;\n}\n@media (min-width:550px) {\n  #text-box-1589482391 {\n    width: 60%;\n  }\n}\n<\/style>\n    <\/div>\n \n        <\/div>\n      <\/div>\n\n            \n<style>\n#banner-771219904 {\n  padding-top: 250px;\n  background-color: rgba(255, 255, 255, 0);\n}\n#banner-771219904 .overlay {\n  background-color: rgba(0, 0, 0, 0.25);\n}\n#banner-771219904 .banner-bg img {\n  object-position: 36% 94%;\n}\n@media (min-width:550px) {\n  #banner-771219904 {\n    padding-top: 400px;\n  }\n}\n<\/style>\n  <\/div>\n\n\n\t\t<\/div>\n\t\t\t\t\t<\/div>\n\n\t\n\n\t<div id=\"col-1233262393\" class=\"col medium-5 small-12 large-5\"  >\n\t\t\t\t<div class=\"col-inner text-left\" style=\"background-color:rgb(255,255,255);\" >\n\t\t\t\n\t\t\t\n\t<div id=\"text-840350327\" class=\"text\">\n\t\t\n<h3>P\u00f3ngase en contacto con nuestro equipo<\/h3>\n\t\t\n<style>\n#text-840350327 {\n  font-size: 1.55rem;\n  line-height: 1.05;\n  text-align: left;\n}\n<\/style>\n\t<\/div>\n\t\n\t<div id=\"text-4143255674\" class=\"text\">\n\t\t\n<p>Estaremos encantados de ayudarle con informaci\u00f3n sobre productos, certificaciones o muestras.<\/p>\n\t\t\n<style>\n#text-4143255674 {\n  font-size: 1rem;\n  text-align: left;\n}\n<\/style>\n\t<\/div>\n\t\n<a href=\"https:\/\/ducanovanilla.com\/es\/contacto\/\" class=\"button primary\" >\n\t\t<span>p\u00f3ngase en contacto con<\/span>\n\t<\/a>\n\n\t\t<\/div>\n\t\t\t\t\n<style>\n#col-1233262393 > .col-inner {\n  padding: 15% 10px 15% 10%;\n}\n<\/style>\n\t<\/div>\n\n\t\n\n<style>\n#row-918083627 > .col > .col-inner {\n  background-color: rgb(255,255,255);\n}\n<\/style>\n<\/div>\n\t\t<\/div>\n\n\t\t\n<style>\n#section_1459980262 {\n  padding-top: 30px;\n  padding-bottom: 30px;\n}\n<\/style>\n\t<\/section>","protected":false},"excerpt":{"rendered":"","protected":false},"author":1,"featured_media":0,"parent":0,"menu_order":0,"comment_status":"closed","ping_status":"closed","template":"page-blank.php","meta":{"footnotes":""},"class_list":["post-889","page","type-page","status-publish","hentry"],"_links":{"self":[{"href":"https:\/\/ducanovanilla.com\/es\/wp-json\/wp\/v2\/pages\/889","targetHints":{"allow":["GET"]}}],"collection":[{"href":"https:\/\/ducanovanilla.com\/es\/wp-json\/wp\/v2\/pages"}],"about":[{"href":"https:\/\/ducanovanilla.com\/es\/wp-json\/wp\/v2\/types\/page"}],"author":[{"embeddable":true,"href":"https:\/\/ducanovanilla.com\/es\/wp-json\/wp\/v2\/users\/1"}],"replies":[{"embeddable":true,"href":"https:\/\/ducanovanilla.com\/es\/wp-json\/wp\/v2\/comments?post=889"}],"version-history":[{"count":108,"href":"https:\/\/ducanovanilla.com\/es\/wp-json\/wp\/v2\/pages\/889\/revisions"}],"predecessor-version":[{"id":2286,"href":"https:\/\/ducanovanilla.com\/es\/wp-json\/wp\/v2\/pages\/889\/revisions\/2286"}],"wp:attachment":[{"href":"https:\/\/ducanovanilla.com\/es\/wp-json\/wp\/v2\/media?parent=889"}],"curies":[{"name":"wp","href":"https:\/\/api.w.org\/{rel}","templated":true}]}}