{"id":1757,"date":"2025-11-13T16:54:10","date_gmt":"2025-11-13T16:54:10","guid":{"rendered":"https:\/\/ducanovanilla.com\/?page_id=1757"},"modified":"2026-03-25T08:59:03","modified_gmt":"2026-03-25T08:59:03","slug":"legal-notice","status":"publish","type":"page","link":"https:\/\/ducanovanilla.com\/fr\/legal-notice\/","title":{"rendered":"Avis juridique"},"content":{"rendered":"<h2 data-start=\"257\" data-end=\"276\"><strong data-start=\"260\" data-end=\"276\">Avis juridique<\/strong><\/h2>\n<p data-start=\"278\" data-end=\"361\"><strong data-start=\"278\" data-end=\"299\">Op\u00e9rateur du site web :<\/strong><br data-start=\"299\" data-end=\"302\" \/>Ducano AB<br data-start=\"311\" data-end=\"314\" \/>Gruvgatan 2<br data-start=\"325\" data-end=\"328\" \/>421 30 V\u00e4stra Fr\u00f6lunda<br data-start=\"350\" data-end=\"353\" \/>Su\u00e8de<\/p>\n<p data-start=\"363\" data-end=\"550\"><strong data-start=\"363\" data-end=\"378\">Num\u00e9ro de TVA :<\/strong> SE559401606401<br data-start=\"393\" data-end=\"396\" \/><strong data-start=\"396\" data-end=\"406\">Courriel :<\/strong> <a class=\"decorated-link cursor-pointer\" rel=\"noopener\" data-start=\"407\" data-end=\"429\">info@ducanovanilla.com<\/a><\/p>\n<p data-start=\"363\" data-end=\"550\"><strong data-start=\"396\" data-end=\"406\">Plaintes : <\/strong>complaints@ducano.se<\/p>\n<p data-start=\"363\" data-end=\"550\"><strong data-start=\"432\" data-end=\"442\">T\u00e9l\u00e9phone :<\/strong> +46 704 49 48 78 \/ +46 707 60 96 29<br data-start=\"478\" data-end=\"481\" \/><strong data-start=\"481\" data-end=\"493\">Site web :<\/strong> <a class=\"decorated-link\" href=\"https:\/\/ducanovanilla.com\/fr\/\" target=\"_new\" rel=\"noopener\" data-start=\"494\" data-end=\"548\">www.ducanovanilla.com<\/a><\/p>\n<hr data-start=\"552\" data-end=\"555\" \/>\n<h3 data-start=\"557\" data-end=\"590\"><strong data-start=\"561\" data-end=\"588\">Responsable du contenu<\/strong><\/h3>\n<p data-start=\"591\" data-end=\"829\">Ducano AB est responsable de tout le contenu publi\u00e9 sur ce site.<br data-start=\"658\" data-end=\"661\" \/>Bien que nous fassions tout notre possible pour garantir l'exactitude et l'exhaustivit\u00e9 des informations fournies, nous d\u00e9clinons toute responsabilit\u00e9 en cas d'erreurs, d'omissions ou de contenu obsol\u00e8te.<\/p>\n<hr data-start=\"831\" data-end=\"834\" \/>\n<h3 data-start=\"836\" data-end=\"860\"><strong data-start=\"840\" data-end=\"858\">Liens externes<\/strong><\/h3>\n<p data-start=\"861\" data-end=\"1058\">Notre site web peut contenir des liens vers des sites web de tiers.<br data-start=\"915\" data-end=\"918\" \/>Nous n'avons aucun contr\u00f4le sur le contenu de ces sites web et n'acceptons donc aucune responsabilit\u00e9 quant \u00e0 leur exactitude, leur l\u00e9galit\u00e9 ou leur fiabilit\u00e9.<\/p>\n<hr data-start=\"1060\" data-end=\"1063\" \/>\n<h3 data-start=\"1065\" data-end=\"1101\"><strong data-start=\"1069\" data-end=\"1099\">Droits d'auteur et droits \u00e0 l'image<\/strong><\/h3>\n<p data-start=\"1102\" data-end=\"1325\">Tous les textes, images, graphiques et logos figurant sur ce site sont la propri\u00e9t\u00e9 de Ducano AB ou de ses partenaires et sont prot\u00e9g\u00e9s par la loi sur les droits d'auteur.<br data-start=\"1237\" data-end=\"1240\" \/>Toute reproduction, distribution ou utilisation sans accord \u00e9crit pr\u00e9alable est interdite.<\/p>\n<p data-start=\"1327\" data-end=\"1706\">Ducano AB d\u00e9tient tous les droits sur les images affich\u00e9es sur ce site, <strong data-start=\"1396\" data-end=\"1479\">\u00e0 l'exception de certaines images de la page \u201cNos proc\u00e9d\u00e9s\u201d montrant la st\u00e9rilisation \u00e0 la vapeur.<\/strong>, qui sont fournis et d\u00e9tenus par <strong data-start=\"1516\" data-end=\"1529\">Steripure<\/strong>.<br data-start=\"1530\" data-end=\"1533\" \/>Ces images sont utilis\u00e9es avec autorisation et restent la propri\u00e9t\u00e9 de Steripure.<br data-start=\"1608\" data-end=\"1611\" \/>Toutes les images appartenant \u00e0 Steripure sont accompagn\u00e9es du texte. <strong data-start=\"1665\" data-end=\"1706\">\u201cLeeloo MARQUES MOLEIRO \/ Steripure.\u201d<\/strong><\/p>\n<hr data-start=\"1708\" data-end=\"1711\" \/>\n<h3 data-start=\"1713\" data-end=\"1736\"><strong data-start=\"1717\" data-end=\"1734\">Droit applicable<\/strong><\/h3>\n<p data-start=\"1737\" data-end=\"1944\">Le pr\u00e9sent avis juridique et l'utilisation de ce site web sont r\u00e9gis par les lois de la Su\u00e8de.<br data-start=\"1818\" data-end=\"1821\" \/>Tout litige li\u00e9 au site web rel\u00e8ve de la comp\u00e9tence exclusive des tribunaux su\u00e9dois.<\/p>","protected":false},"excerpt":{"rendered":"<p>Legal Notice Website operator:Ducano ABGruvgatan 2421 30 V\u00e4stra Fr\u00f6lundaSweden VAT number: SE559401606401Email: info@ducanovanilla.com Complaints: complaints@ducano.se Phone: +46 704 49 48 78 \/ +46 707 60 96 29Website: www.ducanovanilla.com Responsible for content Ducano AB is responsible for all content published on this website.While we make every effort to ensure the accuracy and completeness of the information [&#8230;]\n","protected":false},"author":1,"featured_media":0,"parent":0,"menu_order":0,"comment_status":"closed","ping_status":"closed","template":"","meta":{"footnotes":""},"class_list":["post-1757","page","type-page","status-publish","hentry"],"_links":{"self":[{"href":"https:\/\/ducanovanilla.com\/fr\/wp-json\/wp\/v2\/pages\/1757","targetHints":{"allow":["GET"]}}],"collection":[{"href":"https:\/\/ducanovanilla.com\/fr\/wp-json\/wp\/v2\/pages"}],"about":[{"href":"https:\/\/ducanovanilla.com\/fr\/wp-json\/wp\/v2\/types\/page"}],"author":[{"embeddable":true,"href":"https:\/\/ducanovanilla.com\/fr\/wp-json\/wp\/v2\/users\/1"}],"replies":[{"embeddable":true,"href":"https:\/\/ducanovanilla.com\/fr\/wp-json\/wp\/v2\/comments?post=1757"}],"version-history":[{"count":4,"href":"https:\/\/ducanovanilla.com\/fr\/wp-json\/wp\/v2\/pages\/1757\/revisions"}],"predecessor-version":[{"id":2827,"href":"https:\/\/ducanovanilla.com\/fr\/wp-json\/wp\/v2\/pages\/1757\/revisions\/2827"}],"wp:attachment":[{"href":"https:\/\/ducanovanilla.com\/fr\/wp-json\/wp\/v2\/media?parent=1757"}],"curies":[{"name":"wp","href":"https:\/\/api.w.org\/{rel}","templated":true}]}}