{"id":747,"date":"2025-10-13T13:53:11","date_gmt":"2025-10-13T13:53:11","guid":{"rendered":"https:\/\/ducanovanilla.com\/?page_id=747"},"modified":"2026-04-21T13:03:23","modified_gmt":"2026-04-21T13:03:23","slug":"nos-certificats","status":"publish","type":"page","link":"https:\/\/ducanovanilla.com\/fr\/our-certificates\/","title":{"rendered":"Nos certificats"},"content":{"rendered":"<div class=\"banner has-hover hide-for-small\" id=\"banner-1384364283\">\n          <div class=\"banner-inner fill\">\n        <div class=\"banner-bg fill\" >\n            <img loading=\"lazy\" decoding=\"async\" width=\"2560\" height=\"1440\" src=\"https:\/\/ducanovanilla.com\/wp-content\/uploads\/2025\/11\/ducano-lab-vanilla-sweden-extract-scaled.jpg\" class=\"bg attachment-original size-original\" alt=\"\" \/>                        <div class=\"overlay\"><\/div>            \n                    <\/div>\n\t\t\n        <div class=\"banner-layers container\">\n            <div class=\"fill banner-link\"><\/div>            \n   <div id=\"text-box-1833163292\" class=\"text-box banner-layer x0 md-x0 lg-x0 y20 md-y20 lg-y20 res-text\">\n                                <div class=\"text-box-content text\">\n              \n              <div class=\"text-inner text-left\">\n                  \n\t<div id=\"text-1091498580\" class=\"text\">\n\t\t\n<h1>Nos certificats<\/h1>\n<p>Nos certifications BRCGS, Fairtrade et Organic attestent de la solidit\u00e9 de nos syst\u00e8mes de qualit\u00e9 et de notre engagement \u00e0 long terme en faveur d'un approvisionnement responsable.<\/p>\n\t\t\n<style>\n#text-1091498580 {\n  font-size: 1.15rem;\n  color: rgb(255,255,255);\n}\n#text-1091498580 > * {\n  color: rgb(255,255,255);\n}\n<\/style>\n\t<\/div>\n\t\n              <\/div>\n           <\/div>\n                            \n<style>\n#text-box-1833163292 .text-inner {\n  padding: 30px 30px 30px 30px;\n}\n#text-box-1833163292 {\n  width: 60%;\n}\n#text-box-1833163292 .text-box-content {\n  font-size: 100%;\n}\n@media (min-width:550px) {\n  #text-box-1833163292 {\n    width: 45%;\n  }\n}\n<\/style>\n    <\/div>\n \n        <\/div>\n      <\/div>\n\n            \n<style>\n#banner-1384364283 {\n  padding-top: 315px;\n}\n#banner-1384364283 .overlay {\n  background-color: rgba(0,0,0,.5);\n}\n#banner-1384364283 .banner-bg img {\n  object-position: 30% 34%;\n}\n<\/style>\n  <\/div>\n\n\n\n  <div class=\"banner has-hover show-for-medium\" id=\"banner-2043469753\">\n          <div class=\"banner-inner fill\">\n        <div class=\"banner-bg fill\" >\n            <img loading=\"lazy\" decoding=\"async\" width=\"2560\" height=\"1440\" src=\"https:\/\/ducanovanilla.com\/wp-content\/uploads\/2025\/11\/ducano-lab-vanilla-sweden-extract-scaled.jpg\" class=\"bg attachment-original size-original\" alt=\"\" \/>                        <div class=\"overlay\"><\/div>            \n                    <\/div>\n\t\t\n        <div class=\"banner-layers container\">\n            <div class=\"fill banner-link\"><\/div>            \n   <div id=\"text-box-564947130\" class=\"text-box banner-layer x0 md-x0 lg-x0 y50 md-y20 lg-y20 res-text\">\n                                <div class=\"text-box-content text\">\n              \n              <div class=\"text-inner text-left\">\n                  \n\t<div id=\"text-715741219\" class=\"text\">\n\t\t\n<h1><span style=\"font-size: 75%;\">Nos certificats<\/span><\/h1>\n<p><span style=\"color: #ffffff; font-size: 100%;\">Nous sommes fiers d'\u00eatre certifi\u00e9s BRCGS, Fairtrade et Organic, ce qui t\u00e9moigne de notre engagement en faveur de la s\u00e9curit\u00e9, de la transparence et du commerce durable.<\/span><\/p>\n\t\t\n<style>\n#text-715741219 {\n  font-size: 1.05rem;\n  color: rgb(255,255,255);\n}\n#text-715741219 > * {\n  color: rgb(255,255,255);\n}\n@media (min-width:550px) {\n  #text-715741219 {\n    font-size: 1.15rem;\n  }\n}\n<\/style>\n\t<\/div>\n\t\n              <\/div>\n           <\/div>\n                            \n<style>\n#text-box-564947130 .text-inner {\n  padding: 30px 30px 30px 30px;\n}\n#text-box-564947130 {\n  width: 99%;\n}\n#text-box-564947130 .text-box-content {\n  font-size: 100%;\n}\n@media (min-width:550px) {\n  #text-box-564947130 {\n    width: 45%;\n  }\n}\n<\/style>\n    <\/div>\n \n        <\/div>\n      <\/div>\n\n            \n<style>\n#banner-2043469753 {\n  padding-top: 311px;\n}\n#banner-2043469753 .overlay {\n  background-color: rgba(0, 0, 0, 0.692);\n}\n#banner-2043469753 .banner-bg img {\n  object-position: 55% 17%;\n}\n@media (min-width:550px) {\n  #banner-2043469753 {\n    padding-top: 404px;\n  }\n}\n<\/style>\n  <\/div>\n\n\n\t<div id=\"gap-476432747\" class=\"gap-element clearfix\" style=\"display:block; height:auto;\">\n\t\t\n<style>\n#gap-476432747 {\n  padding-top: 30px;\n}\n<\/style>\n\t<\/div>\n\t\n\t<div id=\"text-4160227943\" class=\"text\">\n\t\t\n\t\t\n<style>\n#text-4160227943 {\n  font-size: 2.55rem;\n  text-align: center;\n}\n<\/style>\n\t<\/div>\n\t\n<div class=\"row row-collapse\"  id=\"row-648337554\">\n\n\t<div id=\"col-493564747\" class=\"col medium-4 small-12 large-4\"  >\n\t\t\t\t<div class=\"col-inner\"  >\n\t\t\t\n\t\t\t\n\n\t\t<div class=\"icon-box featured-box icon-box-center text-center\"  >\n\t\t\t\t\t<div class=\"icon-box-img\" style=\"width: 247px\">\n\t\t\t\t<div class=\"icon\">\n\t\t\t\t\t<div class=\"icon-inner\" >\n\t\t\t\t\t\t<img loading=\"lazy\" decoding=\"async\" width=\"714\" height=\"400\" src=\"https:\/\/ducanovanilla.com\/wp-content\/uploads\/2025\/09\/BRCGS_Ducano_vanilla-714x400.png\" class=\"attachment-medium size-medium\" alt=\"\" srcset=\"https:\/\/ducanovanilla.com\/wp-content\/uploads\/2025\/09\/BRCGS_Ducano_vanilla-714x400.png 714w, https:\/\/ducanovanilla.com\/wp-content\/uploads\/2025\/09\/BRCGS_Ducano_vanilla-1400x784.png 1400w, https:\/\/ducanovanilla.com\/wp-content\/uploads\/2025\/09\/BRCGS_Ducano_vanilla-768x430.png 768w, https:\/\/ducanovanilla.com\/wp-content\/uploads\/2025\/09\/BRCGS_Ducano_vanilla-1536x860.png 1536w, https:\/\/ducanovanilla.com\/wp-content\/uploads\/2025\/09\/BRCGS_Ducano_vanilla-600x336.png 600w, https:\/\/ducanovanilla.com\/wp-content\/uploads\/2025\/09\/BRCGS_Ducano_vanilla.png 1600w\" sizes=\"auto, (max-width: 714px) 100vw, 714px\" \/>\t\t\t\t\t<\/div>\n\t\t\t\t<\/div>\n\t\t\t<\/div>\n\t\t\t\t<div class=\"icon-box-text last-reset\">\n\t\t\t\t\t\t\t\t\t\n<a href=\"https:\/\/ducanovanilla.com\/wp-content\/uploads\/2025\/10\/0225848_ENG_Ducano-AB-2.pdf\" target=\"_blank\" class=\"button primary is-underline is-small hide-for-small\" rel=\"noopener\" >\n\t\t<span>certificat \ud83e\udc7b<\/span>\n\t<\/a>\n\n<a href=\"https:\/\/ducanovanilla.com\/wp-content\/uploads\/2025\/10\/0225848_ENG_Ducano-AB-2.pdf\" target=\"_blank\" class=\"button primary is-underline is-small show-for-medium\" rel=\"noopener\" >\n\t\t<span>certificat<\/span>\n\t<\/a>\n\n\t\t<\/div>\n\t<\/div>\n\t\n\t\n\t<div id=\"text-3723859461\" class=\"text\">\n\t\t\n<p>\u00a0<\/p>\n<p class=\"lead\">Certifi\u00e9 Halal<\/p>\n\t\t\n<style>\n#text-3723859461 {\n  text-align: center;\n}\n<\/style>\n\t<\/div>\n\t\n\n\t\t<div class=\"icon-box featured-box icon-box-center text-center\"  >\n\t\t\t\t<div class=\"icon-box-text last-reset\">\n\t\t\t\t\t\t\t\t\t\n<a href=\"https:\/\/ducanovanilla.com\/wp-content\/uploads\/2026\/01\/Halalcertificate-196-Ducano-AB-2026-2027-1.pdf\" target=\"_blank\" class=\"button primary is-underline is-small hide-for-small\" rel=\"noopener\" >\n\t\t<span>certificat \ud83e\udc7b<\/span>\n\t<\/a>\n\n<a href=\"https:\/\/ducanovanilla.com\/wp-content\/uploads\/2025\/10\/SE-EKO-03.752-0008143.2024.002_en-3-1-1-2-1-1.pdf\" target=\"_blank\" class=\"button primary is-underline is-small show-for-medium\" rel=\"noopener\" >\n\t\t<span>certificat<\/span>\n\t<\/a>\n\n\t\t<\/div>\n\t<\/div>\n\t\n\t\n\t\t<\/div>\n\t\t\t\t\t<\/div>\n\n\t\n\n\t<div id=\"col-1493311038\" class=\"col medium-4 small-12 large-4\"  >\n\t\t\t\t<div class=\"col-inner\"  >\n\t\t\t\n\t\t\t\n\n\t\t<div class=\"icon-box featured-box icon-box-center text-center\"  >\n\t\t\t\t\t<div class=\"icon-box-img\" style=\"width: 140px\">\n\t\t\t\t<div class=\"icon\">\n\t\t\t\t\t<div class=\"icon-inner\" >\n\t\t\t\t\t\t<img loading=\"lazy\" decoding=\"async\" width=\"300\" height=\"300\" src=\"https:\/\/ducanovanilla.com\/wp-content\/uploads\/2025\/11\/fairtrade-ducano-vanilla.webp\" class=\"attachment-medium size-medium\" alt=\"\" srcset=\"https:\/\/ducanovanilla.com\/wp-content\/uploads\/2025\/11\/fairtrade-ducano-vanilla.webp 300w, https:\/\/ducanovanilla.com\/wp-content\/uploads\/2025\/11\/fairtrade-ducano-vanilla-100x100.webp 100w\" sizes=\"auto, (max-width: 300px) 100vw, 300px\" \/>\t\t\t\t\t<\/div>\n\t\t\t\t<\/div>\n\t\t\t<\/div>\n\t\t\t\t<div class=\"icon-box-text last-reset\">\n\t\t\t\t\t\t\t\t\t\n<a href=\"https:\/\/ducanovanilla.com\/wp-content\/uploads\/2025\/10\/CERT-PermissionToTrade-1.pdf\" target=\"_blank\" class=\"button primary is-underline is-small hide-for-small\" rel=\"noopener\" >\n\t\t<span>certificat \ud83e\udc7b<\/span>\n\t<\/a>\n\n<a href=\"https:\/\/ducanovanilla.com\/wp-content\/uploads\/2025\/10\/CERT-PermissionToTrade-1.pdf\" target=\"_blank\" class=\"button primary is-underline is-small show-for-medium\" rel=\"noopener\" >\n\t\t<span>certificat<\/span>\n\t<\/a>\n\n\t\t<\/div>\n\t<\/div>\n\t\n\t\n\t\t<\/div>\n\t\t\t\t\t<\/div>\n\n\t\n\n\t<div id=\"col-58426127\" class=\"col medium-4 small-12 large-4\"  >\n\t\t\t\t<div class=\"col-inner\"  >\n\t\t\t\n\t\t\t\n\n\t\t<div class=\"icon-box featured-box icon-box-center text-center\"  >\n\t\t\t\t\t<div class=\"icon-box-img\" style=\"width: 244px\">\n\t\t\t\t<div class=\"icon\">\n\t\t\t\t\t<div class=\"icon-inner\" >\n\t\t\t\t\t\t<img loading=\"lazy\" decoding=\"async\" width=\"714\" height=\"400\" src=\"https:\/\/ducanovanilla.com\/wp-content\/uploads\/2025\/09\/organic-eu-ducano-vanilla-714x400.png\" class=\"attachment-medium size-medium\" alt=\"\" srcset=\"https:\/\/ducanovanilla.com\/wp-content\/uploads\/2025\/09\/organic-eu-ducano-vanilla-714x400.png 714w, https:\/\/ducanovanilla.com\/wp-content\/uploads\/2025\/09\/organic-eu-ducano-vanilla-768x430.png 768w, https:\/\/ducanovanilla.com\/wp-content\/uploads\/2025\/09\/organic-eu-ducano-vanilla-600x336.png 600w, https:\/\/ducanovanilla.com\/wp-content\/uploads\/2025\/09\/organic-eu-ducano-vanilla.png 1200w\" sizes=\"auto, (max-width: 714px) 100vw, 714px\" \/>\t\t\t\t\t<\/div>\n\t\t\t\t<\/div>\n\t\t\t<\/div>\n\t\t\t\t<div class=\"icon-box-text last-reset\">\n\t\t\t\t\t\t\t\t\t\n<a href=\"https:\/\/ducanovanilla.com\/wp-content\/uploads\/2026\/04\/SE-EKO-03.752-0008143.2026.001.pdf\" target=\"_blank\" class=\"button primary is-underline is-small hide-for-small\" rel=\"noopener\" >\n\t\t<span>certificat \ud83e\udc7b<\/span>\n\t<\/a>\n\n<a href=\"https:\/\/ducanovanilla.com\/wp-content\/uploads\/2025\/10\/SE-EKO-03.752-0008143.2024.002_en-3-1-1-2-1-1.pdf\" target=\"_blank\" class=\"button primary is-underline is-small show-for-medium\" rel=\"noopener\" >\n\t\t<span>certificat<\/span>\n\t<\/a>\n\n\t\t<\/div>\n\t<\/div>\n\t\n\t\n\t\t<\/div>\n\t\t\t\t\t<\/div>\n\n\t\n\n<style>\n#row-648337554 > .col > .col-inner {\n  padding: 0px 0px 0px 0px;\n}\n<\/style>\n<\/div>\n\n\t<section class=\"section\" id=\"section_529153788\">\n\t\t<div class=\"section-bg fill\" >\n\t\t\t\t\t\t\t\t\t\n\t\t\t\n\n\t\t<\/div>\n\n\t\t\n\n\t\t<div class=\"section-content relative\">\n\t\t\t\n\t<div id=\"gap-1077143155\" class=\"gap-element clearfix\" style=\"display:block; height:auto;\">\n\t\t\n<style>\n#gap-1077143155 {\n  padding-top: 30px;\n}\n<\/style>\n\t<\/div>\n\t\n<div class=\"row row-collapse align-equal\"  id=\"row-1767474722\">\n\n\t<div id=\"col-243041998\" class=\"col medium-7 small-12 large-6\"  >\n\t\t\t\t<div class=\"col-inner\"  >\n\t\t\t\n\t\t\t\n\n  <div class=\"banner has-hover\" id=\"banner-30946276\">\n          <div class=\"banner-inner fill\">\n        <div class=\"banner-bg fill\" >\n            <img loading=\"lazy\" decoding=\"async\" width=\"2560\" height=\"1440\" src=\"https:\/\/ducanovanilla.com\/wp-content\/uploads\/2025\/11\/ducano-vanilla-sweden-lab-scaled.jpg\" class=\"bg attachment-original size-original\" alt=\"\" \/>                                    \n                    <\/div>\n\t\t\n        <div class=\"banner-layers container\">\n            <div class=\"fill banner-link\"><\/div>            \n   <div id=\"text-box-70786152\" class=\"text-box banner-layer x50 md-x50 lg-x50 y50 md-y50 lg-y50 res-text\">\n                                <div class=\"text-box-content text dark\">\n              \n              <div class=\"text-inner text-center\">\n                  \n              <\/div>\n           <\/div>\n                            \n<style>\n#text-box-70786152 {\n  width: 60%;\n}\n#text-box-70786152 .text-box-content {\n  font-size: 100%;\n}\n@media (min-width:550px) {\n  #text-box-70786152 {\n    width: 60%;\n  }\n}\n<\/style>\n    <\/div>\n \n        <\/div>\n      <\/div>\n\n            \n<style>\n#banner-30946276 {\n  padding-top: 250px;\n}\n#banner-30946276 .banner-bg img {\n  object-position: 13% 67%;\n}\n@media (min-width:550px) {\n  #banner-30946276 {\n    padding-top: 400px;\n  }\n}\n<\/style>\n  <\/div>\n\n\n\t\t<\/div>\n\t\t\t\t\t<\/div>\n\n\t\n\n\t<div id=\"col-1866131497\" class=\"col medium-5 small-12 large-6\"  >\n\t\t\t\t<div class=\"col-inner text-center\" style=\"background-color:rgb(255,255,255);\" >\n\t\t\t\n\t\t\t\n\t<div id=\"text-166936443\" class=\"text\">\n\t\t\n<h3>Engagement en faveur des normes mondiales<\/h3>\n\t\t\n<style>\n#text-166936443 {\n  font-size: 1.75rem;\n  line-height: 0.75;\n  text-align: left;\n}\n<\/style>\n\t<\/div>\n\t\n\t<div id=\"text-2349941529\" class=\"text\">\n\t\t\n<p>Le fait de d\u00e9tenir une norme reconnue par la GFSI nous place au m\u00eame niveau professionnel que les plus grands fabricants de produits alimentaires, ce qui donne \u00e0 nos clients l'assurance que chaque produit est trait\u00e9 avec le m\u00eame niveau de contr\u00f4le, les m\u00eames mesures de s\u00e9curit\u00e9 et les m\u00eames exigences de tra\u00e7abilit\u00e9 qu'ils attendent de leurs propres activit\u00e9s. Associ\u00e9s \u00e0 nos certifications biologiques et de commerce \u00e9quitable, nous fournissons des produits qui r\u00e9pondent \u00e0 des crit\u00e8res mondiaux stricts en mati\u00e8re de s\u00e9curit\u00e9, de responsabilit\u00e9 et d'approvisionnement durable.<\/p>\n\t\t\n<style>\n#text-2349941529 {\n  font-size: 0.95rem;\n  text-align: left;\n}\n<\/style>\n\t<\/div>\n\t\n\t\t<\/div>\n\t\t\t\t\n<style>\n#col-1866131497 > .col-inner {\n  padding: 15% 5% 15% 5%;\n}\n<\/style>\n\t<\/div>\n\n\t\n<\/div>\n\t\t<\/div>\n\n\t\t\n<style>\n#section_529153788 {\n  padding-top: 30px;\n  padding-bottom: 30px;\n}\n<\/style>\n\t<\/section>","protected":false},"excerpt":{"rendered":"","protected":false},"author":1,"featured_media":0,"parent":0,"menu_order":0,"comment_status":"closed","ping_status":"closed","template":"page-blank.php","meta":{"footnotes":""},"class_list":["post-747","page","type-page","status-publish","hentry"],"_links":{"self":[{"href":"https:\/\/ducanovanilla.com\/fr\/wp-json\/wp\/v2\/pages\/747","targetHints":{"allow":["GET"]}}],"collection":[{"href":"https:\/\/ducanovanilla.com\/fr\/wp-json\/wp\/v2\/pages"}],"about":[{"href":"https:\/\/ducanovanilla.com\/fr\/wp-json\/wp\/v2\/types\/page"}],"author":[{"embeddable":true,"href":"https:\/\/ducanovanilla.com\/fr\/wp-json\/wp\/v2\/users\/1"}],"replies":[{"embeddable":true,"href":"https:\/\/ducanovanilla.com\/fr\/wp-json\/wp\/v2\/comments?post=747"}],"version-history":[{"count":46,"href":"https:\/\/ducanovanilla.com\/fr\/wp-json\/wp\/v2\/pages\/747\/revisions"}],"predecessor-version":[{"id":2847,"href":"https:\/\/ducanovanilla.com\/fr\/wp-json\/wp\/v2\/pages\/747\/revisions\/2847"}],"wp:attachment":[{"href":"https:\/\/ducanovanilla.com\/fr\/wp-json\/wp\/v2\/media?parent=747"}],"curies":[{"name":"wp","href":"https:\/\/api.w.org\/{rel}","templated":true}]}}