{"id":889,"date":"2025-10-27T09:34:05","date_gmt":"2025-10-27T09:34:05","guid":{"rendered":"https:\/\/ducanovanilla.com\/?page_id=889"},"modified":"2025-12-29T08:55:21","modified_gmt":"2025-12-29T08:55:21","slug":"a-propos-de-nous-2","status":"publish","type":"page","link":"https:\/\/ducanovanilla.com\/fr\/about-us-2\/","title":{"rendered":"A propos de nous"},"content":{"rendered":"<section class=\"section show-for-medium\" id=\"section_622982656\">\n\t\t<div class=\"section-bg fill\" >\n\t\t\t<img loading=\"lazy\" decoding=\"async\" width=\"2560\" height=\"1440\" src=\"https:\/\/ducanovanilla.com\/wp-content\/uploads\/2025\/11\/ducano-vanilla-antalaha-region-scaled.jpg\" class=\"bg attachment-original size-original\" alt=\"\" \/>\t\t\t\t\t\t<div class=\"section-bg-overlay absolute fill\"><\/div>\n\t\t\t\n\n\t\t<\/div>\n\n\t\t\n\n\t\t<div class=\"section-content relative\">\n\t\t\t\n<div class=\"row\"  id=\"row-1399343293\">\n\n\t<div id=\"col-297649257\" class=\"col small-12 large-12\"  >\n\t\t\t\t<div class=\"col-inner\"  >\n\t\t\t\n\t\t\t\n\n  <div class=\"banner has-hover\" id=\"banner-438366804\">\n          <div class=\"banner-inner fill\">\n        <div class=\"banner-bg fill\" >\n            <img loading=\"lazy\" decoding=\"async\" width=\"1020\" height=\"571\" src=\"https:\/\/ducanovanilla.com\/wp-content\/uploads\/2025\/09\/Namnlos-design-9-1400x784.jpg\" class=\"bg attachment-large size-large\" alt=\"\" \/>                                    \n                    <\/div>\n\t\t\n        <div class=\"banner-layers container\">\n            <div class=\"fill banner-link\"><\/div>            \n   <div id=\"text-box-1939561267\" class=\"text-box banner-layer x50 md-x50 lg-x50 y50 md-y50 lg-y50 res-text\">\n                                <div class=\"text-box-content text dark\">\n              \n              <div class=\"text-inner text-center\">\n                  \n              <\/div>\n           <\/div>\n                            \n<style>\n#text-box-1939561267 {\n  width: 60%;\n}\n#text-box-1939561267 .text-box-content {\n  font-size: 100%;\n}\n<\/style>\n    <\/div>\n \n        <\/div>\n      <\/div>\n\n            \n<style>\n#banner-438366804 {\n  padding-top: 175px;\n}\n@media (min-width:550px) {\n  #banner-438366804 {\n    padding-top: 500px;\n  }\n}\n<\/style>\n  <\/div>\n\n\n\t<div id=\"text-4120595730\" class=\"text\">\n\t\t\n<h1>A propos de nous<\/h1>\n\t\t\n<style>\n#text-4120595730 {\n  font-size: 1.95rem;\n  color: rgb(255,255,255);\n}\n#text-4120595730 > * {\n  color: rgb(255,255,255);\n}\n<\/style>\n\t<\/div>\n\t\n\t<div id=\"text-2615994484\" class=\"text\">\n\t\t\n<p>Fond\u00e9e par deux entrepreneurs su\u00e9dois, Ducano Vanilla est n\u00e9e d'une seule ambition : apporter l'authentique vanille de Madagascar en Europe et \u00e9tablir une nouvelle r\u00e9f\u00e9rence en tant que premi\u00e8re entreprise de vanille enti\u00e8rement certifi\u00e9e en Scandinavie.<\/p>\n\t\t\n<style>\n#text-2615994484 {\n  color: rgb(255,255,255);\n}\n#text-2615994484 > * {\n  color: rgb(255,255,255);\n}\n<\/style>\n\t<\/div>\n\t\n\t\t<\/div>\n\t\t\t\t\t<\/div>\n\n\t\n<\/div>\n\t<div id=\"gap-47361678\" class=\"gap-element clearfix hide-for-small\" style=\"display:block; height:auto;\">\n\t\t\n<style>\n#gap-47361678 {\n  padding-top: 30px;\n}\n<\/style>\n\t<\/div>\n\t\n\t\t<\/div>\n\n\t\t\n<style>\n#section_622982656 {\n  padding-top: 30px;\n  padding-bottom: 30px;\n  min-height: 400px;\n}\n#section_622982656 .section-bg-overlay {\n  background-color: rgba(0, 0, 0, 0.785);\n}\n#section_622982656 .section-bg img {\n  object-position: 47% 59%;\n}\n<\/style>\n\t<\/section>\n\t\n\n\t<section class=\"section hide-for-small\" id=\"section_473822621\">\n\t\t<div class=\"section-bg fill\" >\n\t\t\t<img loading=\"lazy\" decoding=\"async\" width=\"2560\" height=\"1440\" src=\"https:\/\/ducanovanilla.com\/wp-content\/uploads\/2025\/11\/ducano-vanilla-antalaha-region-scaled.jpg\" class=\"bg attachment-original size-original\" alt=\"\" \/>\t\t\t\t\t\t<div class=\"section-bg-overlay absolute fill\"><\/div>\n\t\t\t\n\n\t\t<\/div>\n\n\t\t\n\n\t\t<div class=\"section-content relative\">\n\t\t\t\n\t<div id=\"gap-1047515681\" class=\"gap-element clearfix\" style=\"display:block; height:auto;\">\n\t\t\n<style>\n#gap-1047515681 {\n  padding-top: 30px;\n}\n<\/style>\n\t<\/div>\n\t\n\t\t<\/div>\n\n\t\t\n<style>\n#section_473822621 {\n  padding-top: 30px;\n  padding-bottom: 30px;\n  min-height: 400px;\n}\n#section_473822621 .section-bg-overlay {\n  background-color: rgba(0, 0, 0, 0.785);\n}\n#section_473822621 .section-bg img {\n  object-position: 47% 59%;\n}\n<\/style>\n\t<\/section>\n\t\n\n\n\t<section class=\"section hide-for-small\" id=\"section_1918676704\">\n\t\t<div class=\"section-bg fill\" >\n\t\t\t\t\t\t\t\t\t\n\t\t\t\n\n\t\t<\/div>\n\n\t\t\n\n\t\t<div class=\"section-content relative\">\n\t\t\t\n<div class=\"row\" style=\"max-width:1300px\" id=\"row-586878195\">\n\n\t<div id=\"col-229328943\" class=\"col medium-6 small-12 large-6\"  >\n\t\t\t\t<div class=\"col-inner\"  >\n\t\t\t\n\t\t\t\n\t<div id=\"text-623288999\" class=\"text\">\n\t\t\n<h1>A propos de nous<\/h1>\n\t\t\n<style>\n#text-623288999 {\n  font-size: 1.9rem;\n  color: rgb(255,255,255);\n}\n#text-623288999 > * {\n  color: rgb(255,255,255);\n}\n<\/style>\n\t<\/div>\n\t\n\t<div id=\"text-730152712\" class=\"text\">\n\t\t\n<p>Fond\u00e9e par deux entrepreneurs su\u00e9dois, Ducano Vanilla est n\u00e9e d'une seule ambition : apporter l'authentique vanille de Madagascar en Europe et \u00e9tablir une nouvelle r\u00e9f\u00e9rence en tant que premi\u00e8re entreprise de vanille enti\u00e8rement certifi\u00e9e en Scandinavie.<\/p>\n\t\t\n<style>\n#text-730152712 {\n  color: rgb(255,255,255);\n}\n#text-730152712 > * {\n  color: rgb(255,255,255);\n}\n<\/style>\n\t<\/div>\n\t\n\t\t<\/div>\n\t\t\t\t\n<style>\n#col-229328943 > .col-inner {\n  margin: -400px 0px 0px 0px;\n}\n<\/style>\n\t<\/div>\n\n\t\n\n\t<div id=\"col-1887785581\" class=\"col medium-6 small-12 large-6\"  >\n\t\t\t\t<div class=\"col-inner\"  >\n\t\t\t\n\t\t\t\n\n  <div class=\"banner has-hover\" id=\"banner-1504165632\">\n          <div class=\"banner-inner fill\">\n        <div class=\"banner-bg fill\" >\n            <img loading=\"lazy\" decoding=\"async\" width=\"1600\" height=\"896\" src=\"https:\/\/ducanovanilla.com\/wp-content\/uploads\/2025\/09\/Namnlos-design-9.jpg\" class=\"bg attachment-original size-original\" alt=\"\" \/>                                    \n                    <\/div>\n\t\t\n        <div class=\"banner-layers container\">\n            <div class=\"fill banner-link\"><\/div>            \n   <div id=\"text-box-1304358457\" class=\"text-box banner-layer x50 md-x50 lg-x50 y50 md-y50 lg-y50 res-text\">\n                                <div class=\"text-box-content text dark\">\n              \n              <div class=\"text-inner text-center\">\n                  \n              <\/div>\n           <\/div>\n                            \n<style>\n#text-box-1304358457 {\n  width: 60%;\n}\n#text-box-1304358457 .text-box-content {\n  font-size: 100%;\n}\n<\/style>\n    <\/div>\n \n        <\/div>\n      <\/div>\n\n            \n<style>\n#banner-1504165632 {\n  padding-top: 369px;\n}\n#banner-1504165632 .banner-bg img {\n  object-position: 20% 10%;\n}\n<\/style>\n  <\/div>\n\n\n\t\t<\/div>\n\t\t\t\t\n<style>\n#col-1887785581 > .col-inner {\n  padding: 0px 0px 0px 0px;\n  margin: -400px 0px 0px 0px;\n}\n<\/style>\n\t<\/div>\n\n\t\n\n<style>\n#row-586878195 > .col > .col-inner {\n  padding: 60px 0px 40px 0px;\n}\n<\/style>\n<\/div>\n\t\t<\/div>\n\n\t\t\n<style>\n#section_1918676704 {\n  padding-top: 0px;\n  padding-bottom: 0px;\n}\n<\/style>\n\t<\/section>\n\t\n<div class=\"row row-collapse align-equal\"  id=\"row-129493856\">\n\n\t<div id=\"col-403300778\" class=\"col medium-12 small-12 large-6\"  >\n\t\t\t\t<div class=\"col-inner\"  >\n\t\t\t\n\t\t\t\n\t<div id=\"text-4175649225\" class=\"text\">\n\t\t\n<h3>Notre travail<\/h3>\n\t\t\n<style>\n#text-4175649225 {\n  font-size: 2rem;\n  line-height: 1;\n}\n@media (min-width:550px) {\n  #text-4175649225 {\n    font-size: 1.4rem;\n  }\n}\n<\/style>\n\t<\/div>\n\t\n<div class=\"is-divider divider clearfix\" style=\"max-width:80px;background-color:rgb(37, 113, 38);\"><\/div>\n<p>Ducano Vanilla fait partie de Ducano AB, une soci\u00e9t\u00e9 su\u00e9doise sp\u00e9cialis\u00e9e dans l'approvisionnement et le traitement de la vanille de haute qualit\u00e9.<\/p>\n<p>Avec une base op\u00e9rationnelle solide en Su\u00e8de, nous combinons le savoir-faire malgache en mati\u00e8re de culture avec les normes de qualit\u00e9 europ\u00e9ennes pour fournir des solutions fiables en mati\u00e8re de vanille \u00e0 l'industrie alimentaire, aux maisons d'ar\u00f4mes et aux grossistes.<\/p>\n<p>Notre travail commence \u00e0 Madagascar, o\u00f9 nous collaborons \u00e9troitement avec les agriculteurs, les coop\u00e9ratives et les exportateurs. Ces partenariats nous permettent d'obtenir des mati\u00e8res premi\u00e8res constantes et de haute qualit\u00e9, d'assurer une tra\u00e7abilit\u00e9 compl\u00e8te et de soutenir le d\u00e9veloppement durable dans les communaut\u00e9s o\u00f9 la vanille est cultiv\u00e9e.<\/p>\n<p>Aujourd'hui, Ducano Vanilla approvisionne des clients dans toute l'Europe, en Am\u00e9rique du Nord et au Moyen-Orient.<\/p>\n<a href=\"https:\/\/ducanovanilla.com\/wp-content\/uploads\/2025\/11\/Ducano-Vanilla-Company-Profile-EN-2.pdf\" target=\"_blank\" class=\"button primary is-outline expand\" rel=\"noopener\" >\n\t\t<span>notre profil d'entreprise<\/span>\n\t<\/a>\n\n\t\t<\/div>\n\t\t\t\t\n<style>\n#col-403300778 > .col-inner {\n  padding: 40px 15% 30px 15%;\n}\n@media (min-width:550px) {\n  #col-403300778 > .col-inner {\n    padding: 60px 15% 60px 15%;\n  }\n}\n@media (min-width:850px) {\n  #col-403300778 > .col-inner {\n    padding: 20px 40px 7px 40px;\n  }\n}\n<\/style>\n\t<\/div>\n\n\t\n\n\t<div id=\"col-1081221118\" class=\"col medium-6 small-12 large-6\"  >\n\t\t\t\t<div class=\"col-inner\"  >\n\t\t\t\n\t\t\t\n\n  <div class=\"banner has-hover\" id=\"banner-358644267\">\n          <div class=\"banner-inner fill\">\n        <div class=\"banner-bg fill\" >\n            <img loading=\"lazy\" decoding=\"async\" width=\"2560\" height=\"1706\" src=\"https:\/\/ducanovanilla.com\/wp-content\/uploads\/2025\/11\/ducano-vanilla-sweden-production-team-scaled.jpg\" class=\"bg attachment-original size-original\" alt=\"\" \/>                                    \n                    <\/div>\n\t\t\n        <div class=\"banner-layers container\">\n            <div class=\"fill banner-link\"><\/div>            \n   <div id=\"text-box-148586792\" class=\"text-box banner-layer x50 md-x50 lg-x50 y50 md-y50 lg-y50 res-text\">\n                                <div class=\"text-box-content text dark\">\n              \n              <div class=\"text-inner text-center\">\n                  \n              <\/div>\n           <\/div>\n                            \n<style>\n#text-box-148586792 {\n  width: 60%;\n}\n#text-box-148586792 .text-box-content {\n  font-size: 100%;\n}\n<\/style>\n    <\/div>\n \n        <\/div>\n      <\/div>\n\n            \n<style>\n#banner-358644267 {\n  padding-top: 67.96%;\n}\n<\/style>\n  <\/div>\n\n\n\t\t<\/div>\n\t\t\t\t\t<\/div>\n\n\t\n\n<style>\n#row-129493856 > .col > .col-inner {\n  background-color: rgb(255,255,255);\n}\n<\/style>\n<\/div>\n\t<div id=\"gap-1935385317\" class=\"gap-element clearfix\" style=\"display:block; height:auto;\">\n\t\t\n<style>\n#gap-1935385317 {\n  padding-top: 30px;\n}\n<\/style>\n\t<\/div>\n\t\n<div class=\"row row-collapse align-equal\"  id=\"row-103242\">\n\n\t<div id=\"col-233689107\" class=\"col medium-5 small-12 large-5\"  >\n\t\t\t\t<div class=\"col-inner\"  >\n\t\t\t\n\t\t\t\n\n  <div class=\"banner has-hover\" id=\"banner-148608827\">\n          <div class=\"banner-inner fill\">\n        <div class=\"banner-bg fill\" >\n            <img loading=\"lazy\" decoding=\"async\" width=\"2560\" height=\"1706\" src=\"https:\/\/ducanovanilla.com\/wp-content\/uploads\/2025\/11\/ducano-farmer-andreas-vanilla-scaled.jpg\" class=\"bg attachment-original size-original\" alt=\"\" \/>                                    \n                    <\/div>\n\t\t\n        <div class=\"banner-layers container\">\n            <div class=\"fill banner-link\"><\/div>            \n   <div id=\"text-box-625193387\" class=\"text-box banner-layer x50 md-x50 lg-x50 y50 md-y50 lg-y50 res-text\">\n                                <div class=\"text-box-content text dark\">\n              \n              <div class=\"text-inner text-center\">\n                  \n              <\/div>\n           <\/div>\n                            \n<style>\n#text-box-625193387 {\n  width: 60%;\n}\n#text-box-625193387 .text-box-content {\n  font-size: 100%;\n}\n<\/style>\n    <\/div>\n \n        <\/div>\n      <\/div>\n\n            \n<style>\n#banner-148608827 {\n  padding-top: 88.05%;\n}\n<\/style>\n  <\/div>\n\n\n\t\t<\/div>\n\t\t\t\t\t<\/div>\n\n\t\n\n\t<div id=\"col-149184608\" class=\"col medium-12 small-12 large-7\"  >\n\t\t\t\t<div class=\"col-inner\"  >\n\t\t\t\n\t\t\t\n\t<div id=\"text-2436812059\" class=\"text\">\n\t\t\n<h3>La vanille \u00e0 un nouveau niveau<\/h3>\n\t\t\n<style>\n#text-2436812059 {\n  font-size: 2rem;\n  line-height: 1;\n}\n@media (min-width:550px) {\n  #text-2436812059 {\n    font-size: 1.4rem;\n  }\n}\n<\/style>\n\t<\/div>\n\t\n<div class=\"is-divider divider clearfix\" style=\"max-width:80px;background-color:rgb(37, 113, 38);\"><\/div>\n<h3>\u00a0<\/h3>\n<h3><img loading=\"lazy\" decoding=\"async\" class=\"alignnone  wp-image-2072\" src=\"https:\/\/ducanovanilla.com\/wp-content\/uploads\/2025\/11\/Din-stycketext-11-400x400.png\" alt=\"\" width=\"40\" height=\"40\" srcset=\"https:\/\/ducanovanilla.com\/wp-content\/uploads\/2025\/11\/Din-stycketext-11-400x400.png 400w, https:\/\/ducanovanilla.com\/wp-content\/uploads\/2025\/11\/Din-stycketext-11-300x300.png 300w, https:\/\/ducanovanilla.com\/wp-content\/uploads\/2025\/11\/Din-stycketext-11-100x100.png 100w, https:\/\/ducanovanilla.com\/wp-content\/uploads\/2025\/11\/Din-stycketext-11.png 500w\" sizes=\"auto, (max-width: 40px) 100vw, 40px\" \/> La mission<\/h3>\n<p>Porter la vanille \u00e0 un niveau sup\u00e9rieur, gr\u00e2ce \u00e0 une assurance qualit\u00e9 exceptionnelle, une tra\u00e7abilit\u00e9 totale, des op\u00e9rations certifi\u00e9es et des partenariats \u00e0 long terme qui cr\u00e9ent une r\u00e9elle valeur tout au long de la cha\u00eene d'approvisionnement.\u00a0<\/p>\n<h3><img loading=\"lazy\" decoding=\"async\" class=\"alignnone  wp-image-2071\" src=\"https:\/\/ducanovanilla.com\/wp-content\/uploads\/2025\/11\/Din-stycketext-10-400x400.png\" alt=\"\" width=\"39\" height=\"39\" srcset=\"https:\/\/ducanovanilla.com\/wp-content\/uploads\/2025\/11\/Din-stycketext-10-400x400.png 400w, https:\/\/ducanovanilla.com\/wp-content\/uploads\/2025\/11\/Din-stycketext-10-300x300.png 300w, https:\/\/ducanovanilla.com\/wp-content\/uploads\/2025\/11\/Din-stycketext-10-100x100.png 100w, https:\/\/ducanovanilla.com\/wp-content\/uploads\/2025\/11\/Din-stycketext-10.png 500w\" sizes=\"auto, (max-width: 39px) 100vw, 39px\" \/> Vision<\/h3>\n<div>\n<div>\n<div>\n<p>\u00catre le partenaire le plus fiable et le plus digne de confiance dans la fourniture de vanille certifi\u00e9e de haute qualit\u00e9 \u00e0 des clients du monde entier.<\/p>\n<\/div>\n<\/div>\n<\/div>\n\t\t<\/div>\n\t\t\t\t\n<style>\n#col-149184608 > .col-inner {\n  padding: 40px 15% 30px 15%;\n}\n@media (min-width:550px) {\n  #col-149184608 > .col-inner {\n    padding: 60px 15% 60px 15%;\n  }\n}\n@media (min-width:850px) {\n  #col-149184608 > .col-inner {\n    padding: 20px 40px 40px 40px;\n  }\n}\n<\/style>\n\t<\/div>\n\n\t\n\n<style>\n#row-103242 > .col > .col-inner {\n  background-color: rgb(255,255,255);\n}\n<\/style>\n<\/div>\n\n\t<section class=\"section\" id=\"section_769471466\">\n\t\t<div class=\"section-bg fill\" >\n\t\t\t\t\t\t\t\t\t\n\t\t\t\n\n\t\t<\/div>\n\n\t\t\n\n\t\t<div class=\"section-content relative\">\n\t\t\t\n<div class=\"row row-collapse align-equal\"  id=\"row-1050499537\">\n\n\t<div id=\"col-616136582\" class=\"col medium-7 small-12 large-7\"  >\n\t\t\t\t<div class=\"col-inner\"  >\n\t\t\t\n\t\t\t\n\n  <div class=\"banner has-hover\" id=\"banner-1122302728\">\n          <div class=\"banner-inner fill\">\n        <div class=\"banner-bg fill\" >\n            <img loading=\"lazy\" decoding=\"async\" width=\"2560\" height=\"1440\" src=\"https:\/\/ducanovanilla.com\/wp-content\/uploads\/2025\/11\/team-ducano-extract-vanilla-supplier-sweden-scandinavia-scaled.jpg\" class=\"bg attachment-original size-original\" alt=\"\" \/>                        <div class=\"overlay\"><\/div>            \n                    <\/div>\n\t\t\n        <div class=\"banner-layers container\">\n            <div class=\"fill banner-link\"><\/div>            \n   <div id=\"text-box-802086942\" class=\"text-box banner-layer x50 md-x50 lg-x50 y50 md-y50 lg-y50 res-text\">\n                                <div class=\"text-box-content text dark\">\n              \n              <div class=\"text-inner text-center\">\n                  \n              <\/div>\n           <\/div>\n                            \n<style>\n#text-box-802086942 {\n  width: 60%;\n}\n#text-box-802086942 .text-box-content {\n  font-size: 100%;\n}\n@media (min-width:550px) {\n  #text-box-802086942 {\n    width: 60%;\n  }\n}\n<\/style>\n    <\/div>\n \n        <\/div>\n      <\/div>\n\n            \n<style>\n#banner-1122302728 {\n  padding-top: 250px;\n  background-color: rgba(255, 255, 255, 0);\n}\n#banner-1122302728 .overlay {\n  background-color: rgba(0, 0, 0, 0.25);\n}\n#banner-1122302728 .banner-bg img {\n  object-position: 36% 94%;\n}\n@media (min-width:550px) {\n  #banner-1122302728 {\n    padding-top: 400px;\n  }\n}\n<\/style>\n  <\/div>\n\n\n\t\t<\/div>\n\t\t\t\t\t<\/div>\n\n\t\n\n\t<div id=\"col-759864896\" class=\"col medium-5 small-12 large-5\"  >\n\t\t\t\t<div class=\"col-inner text-left\" style=\"background-color:rgb(255,255,255);\" >\n\t\t\t\n\t\t\t\n\t<div id=\"text-4011595397\" class=\"text\">\n\t\t\n<h3>Contactez notre \u00e9quipe<\/h3>\n\t\t\n<style>\n#text-4011595397 {\n  font-size: 1.55rem;\n  line-height: 1.05;\n  text-align: left;\n}\n<\/style>\n\t<\/div>\n\t\n\t<div id=\"text-2227505045\" class=\"text\">\n\t\t\n<p>Nous sommes heureux de vous aider en vous fournissant des informations sur les produits, des certifications ou des \u00e9chantillons.<\/p>\n\t\t\n<style>\n#text-2227505045 {\n  font-size: 1rem;\n  text-align: left;\n}\n<\/style>\n\t<\/div>\n\t\n<a href=\"https:\/\/ducanovanilla.com\/fr\/nous-contacter\/\" class=\"button primary\" >\n\t\t<span>contact<\/span>\n\t<\/a>\n\n\t\t<\/div>\n\t\t\t\t\n<style>\n#col-759864896 > .col-inner {\n  padding: 15% 10px 15% 10%;\n}\n<\/style>\n\t<\/div>\n\n\t\n\n<style>\n#row-1050499537 > .col > .col-inner {\n  background-color: rgb(255,255,255);\n}\n<\/style>\n<\/div>\n\t\t<\/div>\n\n\t\t\n<style>\n#section_769471466 {\n  padding-top: 30px;\n  padding-bottom: 30px;\n}\n<\/style>\n\t<\/section>","protected":false},"excerpt":{"rendered":"","protected":false},"author":1,"featured_media":0,"parent":0,"menu_order":0,"comment_status":"closed","ping_status":"closed","template":"page-blank.php","meta":{"footnotes":""},"class_list":["post-889","page","type-page","status-publish","hentry"],"_links":{"self":[{"href":"https:\/\/ducanovanilla.com\/fr\/wp-json\/wp\/v2\/pages\/889","targetHints":{"allow":["GET"]}}],"collection":[{"href":"https:\/\/ducanovanilla.com\/fr\/wp-json\/wp\/v2\/pages"}],"about":[{"href":"https:\/\/ducanovanilla.com\/fr\/wp-json\/wp\/v2\/types\/page"}],"author":[{"embeddable":true,"href":"https:\/\/ducanovanilla.com\/fr\/wp-json\/wp\/v2\/users\/1"}],"replies":[{"embeddable":true,"href":"https:\/\/ducanovanilla.com\/fr\/wp-json\/wp\/v2\/comments?post=889"}],"version-history":[{"count":108,"href":"https:\/\/ducanovanilla.com\/fr\/wp-json\/wp\/v2\/pages\/889\/revisions"}],"predecessor-version":[{"id":2286,"href":"https:\/\/ducanovanilla.com\/fr\/wp-json\/wp\/v2\/pages\/889\/revisions\/2286"}],"wp:attachment":[{"href":"https:\/\/ducanovanilla.com\/fr\/wp-json\/wp\/v2\/media?parent=889"}],"curies":[{"name":"wp","href":"https:\/\/api.w.org\/{rel}","templated":true}]}}