{"id":1757,"date":"2025-11-13T16:54:10","date_gmt":"2025-11-13T16:54:10","guid":{"rendered":"https:\/\/ducanovanilla.com\/?page_id=1757"},"modified":"2026-03-25T08:59:03","modified_gmt":"2026-03-25T08:59:03","slug":"legal-notice","status":"publish","type":"page","link":"https:\/\/ducanovanilla.com\/it\/legal-notice\/","title":{"rendered":"Avviso legale"},"content":{"rendered":"<h2 data-start=\"257\" data-end=\"276\"><strong data-start=\"260\" data-end=\"276\">Avviso legale<\/strong><\/h2>\n<p data-start=\"278\" data-end=\"361\"><strong data-start=\"278\" data-end=\"299\">Operatore del sito web:<\/strong><br data-start=\"299\" data-end=\"302\" \/>Ducano AB<br data-start=\"311\" data-end=\"314\" \/>Gruvgatan 2<br data-start=\"325\" data-end=\"328\" \/>421 30 V\u00e4stra Fr\u00f6lunda<br data-start=\"350\" data-end=\"353\" \/>Svezia<\/p>\n<p data-start=\"363\" data-end=\"550\"><strong data-start=\"363\" data-end=\"378\">Partita IVA:<\/strong> SE559401606401<br data-start=\"393\" data-end=\"396\" \/><strong data-start=\"396\" data-end=\"406\">E-mail:<\/strong> <a class=\"decorated-link cursor-pointer\" rel=\"noopener\" data-start=\"407\" data-end=\"429\">info@ducanovanilla.com<\/a><\/p>\n<p data-start=\"363\" data-end=\"550\"><strong data-start=\"396\" data-end=\"406\">Reclami: <\/strong>complaints@ducano.se<\/p>\n<p data-start=\"363\" data-end=\"550\"><strong data-start=\"432\" data-end=\"442\">Telefono:<\/strong> +46 704 49 48 78 \/ +46 707 60 96 29<br data-start=\"478\" data-end=\"481\" \/><strong data-start=\"481\" data-end=\"493\">Sito web:<\/strong> <a class=\"decorated-link\" href=\"https:\/\/ducanovanilla.com\/it\/\" target=\"_new\" rel=\"noopener\" data-start=\"494\" data-end=\"548\">www.ducanovanilla.com<\/a><\/p>\n<hr data-start=\"552\" data-end=\"555\" \/>\n<h3 data-start=\"557\" data-end=\"590\"><strong data-start=\"561\" data-end=\"588\">Responsabile dei contenuti<\/strong><\/h3>\n<p data-start=\"591\" data-end=\"829\">Ducano AB \u00e8 responsabile di tutti i contenuti pubblicati su questo sito web.<br data-start=\"658\" data-end=\"661\" \/>Pur facendo il possibile per garantire l'accuratezza e la completezza delle informazioni fornite, non ci assumiamo alcuna responsabilit\u00e0 per eventuali errori, omissioni o contenuti non aggiornati.<\/p>\n<hr data-start=\"831\" data-end=\"834\" \/>\n<h3 data-start=\"836\" data-end=\"860\"><strong data-start=\"840\" data-end=\"858\">Collegamenti esterni<\/strong><\/h3>\n<p data-start=\"861\" data-end=\"1058\">Il nostro sito web pu\u00f2 contenere link a siti web di terzi.<br data-start=\"915\" data-end=\"918\" \/>Non abbiamo alcun controllo sul contenuto di questi siti web e pertanto non ci assumiamo alcuna responsabilit\u00e0 per la loro accuratezza, legalit\u00e0 o affidabilit\u00e0.<\/p>\n<hr data-start=\"1060\" data-end=\"1063\" \/>\n<h3 data-start=\"1065\" data-end=\"1101\"><strong data-start=\"1069\" data-end=\"1099\">Diritti d'autore e d'immagine<\/strong><\/h3>\n<p data-start=\"1102\" data-end=\"1325\">Tutti i testi, le immagini, i grafici e i loghi di questo sito web sono di propriet\u00e0 di Ducano AB o dei suoi partner e sono protetti dalle leggi sul copyright.<br data-start=\"1237\" data-end=\"1240\" \/>\u00c8 vietata qualsiasi riproduzione, distribuzione o utilizzo senza previa autorizzazione scritta.<\/p>\n<p data-start=\"1327\" data-end=\"1706\">Ducano AB detiene tutti i diritti su tutte le immagini visualizzate su questo sito web, <strong data-start=\"1396\" data-end=\"1479\">ad eccezione di alcune immagini della pagina \u201cIl nostro processo\u201d che mostrano la sterilizzazione a vapore.<\/strong>, che sono forniti da e di propriet\u00e0 di <strong data-start=\"1516\" data-end=\"1529\">Steripure<\/strong>.<br data-start=\"1530\" data-end=\"1533\" \/>Queste immagini sono utilizzate con autorizzazione e rimangono di propriet\u00e0 di Steripure.<br data-start=\"1608\" data-end=\"1611\" \/>Tutte le immagini di propriet\u00e0 di Steripure sono accreditate con il testo <strong data-start=\"1665\" data-end=\"1706\">\u201cLeeloo MARQUES MOLEIRO \/ Steripure\u201d.\u201d<\/strong><\/p>\n<hr data-start=\"1708\" data-end=\"1711\" \/>\n<h3 data-start=\"1713\" data-end=\"1736\"><strong data-start=\"1717\" data-end=\"1734\">Legge applicabile<\/strong><\/h3>\n<p data-start=\"1737\" data-end=\"1944\">Il presente Avviso legale e l'uso di questo sito web sono disciplinati dalle leggi della Svezia.<br data-start=\"1818\" data-end=\"1821\" \/>Qualsiasi controversia derivante dal sito web sar\u00e0 soggetta alla giurisdizione esclusiva dei tribunali svedesi.<\/p>","protected":false},"excerpt":{"rendered":"<p>Legal Notice Website operator:Ducano ABGruvgatan 2421 30 V\u00e4stra Fr\u00f6lundaSweden VAT number: SE559401606401Email: info@ducanovanilla.com Complaints: complaints@ducano.se Phone: +46 704 49 48 78 \/ +46 707 60 96 29Website: www.ducanovanilla.com Responsible for content Ducano AB is responsible for all content published on this website.While we make every effort to ensure the accuracy and completeness of the information [&#8230;]\n","protected":false},"author":1,"featured_media":0,"parent":0,"menu_order":0,"comment_status":"closed","ping_status":"closed","template":"","meta":{"footnotes":""},"class_list":["post-1757","page","type-page","status-publish","hentry"],"_links":{"self":[{"href":"https:\/\/ducanovanilla.com\/it\/wp-json\/wp\/v2\/pages\/1757","targetHints":{"allow":["GET"]}}],"collection":[{"href":"https:\/\/ducanovanilla.com\/it\/wp-json\/wp\/v2\/pages"}],"about":[{"href":"https:\/\/ducanovanilla.com\/it\/wp-json\/wp\/v2\/types\/page"}],"author":[{"embeddable":true,"href":"https:\/\/ducanovanilla.com\/it\/wp-json\/wp\/v2\/users\/1"}],"replies":[{"embeddable":true,"href":"https:\/\/ducanovanilla.com\/it\/wp-json\/wp\/v2\/comments?post=1757"}],"version-history":[{"count":4,"href":"https:\/\/ducanovanilla.com\/it\/wp-json\/wp\/v2\/pages\/1757\/revisions"}],"predecessor-version":[{"id":2827,"href":"https:\/\/ducanovanilla.com\/it\/wp-json\/wp\/v2\/pages\/1757\/revisions\/2827"}],"wp:attachment":[{"href":"https:\/\/ducanovanilla.com\/it\/wp-json\/wp\/v2\/media?parent=1757"}],"curies":[{"name":"wp","href":"https:\/\/api.w.org\/{rel}","templated":true}]}}