{"id":889,"date":"2025-10-27T09:34:05","date_gmt":"2025-10-27T09:34:05","guid":{"rendered":"https:\/\/ducanovanilla.com\/?page_id=889"},"modified":"2025-12-29T08:55:21","modified_gmt":"2025-12-29T08:55:21","slug":"su-di-noi-2","status":"publish","type":"page","link":"https:\/\/ducanovanilla.com\/it\/about-us-2\/","title":{"rendered":"Chi siamo"},"content":{"rendered":"<section class=\"section show-for-medium\" id=\"section_1522155336\">\n\t\t<div class=\"section-bg fill\" >\n\t\t\t<img loading=\"lazy\" decoding=\"async\" width=\"2560\" height=\"1440\" src=\"https:\/\/ducanovanilla.com\/wp-content\/uploads\/2025\/11\/ducano-vanilla-antalaha-region-scaled.jpg\" class=\"bg attachment-original size-original\" alt=\"\" \/>\t\t\t\t\t\t<div class=\"section-bg-overlay absolute fill\"><\/div>\n\t\t\t\n\n\t\t<\/div>\n\n\t\t\n\n\t\t<div class=\"section-content relative\">\n\t\t\t\n<div class=\"row\"  id=\"row-749709743\">\n\n\t<div id=\"col-938290908\" class=\"col small-12 large-12\"  >\n\t\t\t\t<div class=\"col-inner\"  >\n\t\t\t\n\t\t\t\n\n  <div class=\"banner has-hover\" id=\"banner-344837088\">\n          <div class=\"banner-inner fill\">\n        <div class=\"banner-bg fill\" >\n            <img loading=\"lazy\" decoding=\"async\" width=\"1020\" height=\"571\" src=\"https:\/\/ducanovanilla.com\/wp-content\/uploads\/2025\/09\/Namnlos-design-9-1400x784.jpg\" class=\"bg attachment-large size-large\" alt=\"\" \/>                                    \n                    <\/div>\n\t\t\n        <div class=\"banner-layers container\">\n            <div class=\"fill banner-link\"><\/div>            \n   <div id=\"text-box-1633126764\" class=\"text-box banner-layer x50 md-x50 lg-x50 y50 md-y50 lg-y50 res-text\">\n                                <div class=\"text-box-content text dark\">\n              \n              <div class=\"text-inner text-center\">\n                  \n              <\/div>\n           <\/div>\n                            \n<style>\n#text-box-1633126764 {\n  width: 60%;\n}\n#text-box-1633126764 .text-box-content {\n  font-size: 100%;\n}\n<\/style>\n    <\/div>\n \n        <\/div>\n      <\/div>\n\n            \n<style>\n#banner-344837088 {\n  padding-top: 175px;\n}\n@media (min-width:550px) {\n  #banner-344837088 {\n    padding-top: 500px;\n  }\n}\n<\/style>\n  <\/div>\n\n\n\t<div id=\"text-2568967205\" class=\"text\">\n\t\t\n<h1>Chi siamo<\/h1>\n\t\t\n<style>\n#text-2568967205 {\n  font-size: 1.95rem;\n  color: rgb(255,255,255);\n}\n#text-2568967205 > * {\n  color: rgb(255,255,255);\n}\n<\/style>\n\t<\/div>\n\t\n\t<div id=\"text-460556976\" class=\"text\">\n\t\t\n<p>Fondata da due imprenditori svedesi, Ducano Vanilla \u00e8 stata costruita con un'unica ambizione: portare l'autentica vaniglia del Madagascar in Europa e stabilire un nuovo punto di riferimento come prima azienda scandinava di vaniglia completamente certificata.<\/p>\n\t\t\n<style>\n#text-460556976 {\n  color: rgb(255,255,255);\n}\n#text-460556976 > * {\n  color: rgb(255,255,255);\n}\n<\/style>\n\t<\/div>\n\t\n\t\t<\/div>\n\t\t\t\t\t<\/div>\n\n\t\n<\/div>\n\t<div id=\"gap-680293946\" class=\"gap-element clearfix hide-for-small\" style=\"display:block; height:auto;\">\n\t\t\n<style>\n#gap-680293946 {\n  padding-top: 30px;\n}\n<\/style>\n\t<\/div>\n\t\n\t\t<\/div>\n\n\t\t\n<style>\n#section_1522155336 {\n  padding-top: 30px;\n  padding-bottom: 30px;\n  min-height: 400px;\n}\n#section_1522155336 .section-bg-overlay {\n  background-color: rgba(0, 0, 0, 0.785);\n}\n#section_1522155336 .section-bg img {\n  object-position: 47% 59%;\n}\n<\/style>\n\t<\/section>\n\t\n\n\t<section class=\"section hide-for-small\" id=\"section_33997428\">\n\t\t<div class=\"section-bg fill\" >\n\t\t\t<img loading=\"lazy\" decoding=\"async\" width=\"2560\" height=\"1440\" src=\"https:\/\/ducanovanilla.com\/wp-content\/uploads\/2025\/11\/ducano-vanilla-antalaha-region-scaled.jpg\" class=\"bg attachment-original size-original\" alt=\"\" \/>\t\t\t\t\t\t<div class=\"section-bg-overlay absolute fill\"><\/div>\n\t\t\t\n\n\t\t<\/div>\n\n\t\t\n\n\t\t<div class=\"section-content relative\">\n\t\t\t\n\t<div id=\"gap-829311175\" class=\"gap-element clearfix\" style=\"display:block; height:auto;\">\n\t\t\n<style>\n#gap-829311175 {\n  padding-top: 30px;\n}\n<\/style>\n\t<\/div>\n\t\n\t\t<\/div>\n\n\t\t\n<style>\n#section_33997428 {\n  padding-top: 30px;\n  padding-bottom: 30px;\n  min-height: 400px;\n}\n#section_33997428 .section-bg-overlay {\n  background-color: rgba(0, 0, 0, 0.785);\n}\n#section_33997428 .section-bg img {\n  object-position: 47% 59%;\n}\n<\/style>\n\t<\/section>\n\t\n\n\n\t<section class=\"section hide-for-small\" id=\"section_304535385\">\n\t\t<div class=\"section-bg fill\" >\n\t\t\t\t\t\t\t\t\t\n\t\t\t\n\n\t\t<\/div>\n\n\t\t\n\n\t\t<div class=\"section-content relative\">\n\t\t\t\n<div class=\"row\" style=\"max-width:1300px\" id=\"row-2014463358\">\n\n\t<div id=\"col-1798604579\" class=\"col medium-6 small-12 large-6\"  >\n\t\t\t\t<div class=\"col-inner\"  >\n\t\t\t\n\t\t\t\n\t<div id=\"text-799033739\" class=\"text\">\n\t\t\n<h1>Chi siamo<\/h1>\n\t\t\n<style>\n#text-799033739 {\n  font-size: 1.9rem;\n  color: rgb(255,255,255);\n}\n#text-799033739 > * {\n  color: rgb(255,255,255);\n}\n<\/style>\n\t<\/div>\n\t\n\t<div id=\"text-2025569427\" class=\"text\">\n\t\t\n<p>Fondata da due imprenditori svedesi, Ducano Vanilla \u00e8 stata costruita con un'unica ambizione: portare l'autentica vaniglia del Madagascar in Europa e stabilire un nuovo punto di riferimento come prima azienda scandinava di vaniglia completamente certificata.<\/p>\n\t\t\n<style>\n#text-2025569427 {\n  color: rgb(255,255,255);\n}\n#text-2025569427 > * {\n  color: rgb(255,255,255);\n}\n<\/style>\n\t<\/div>\n\t\n\t\t<\/div>\n\t\t\t\t\n<style>\n#col-1798604579 > .col-inner {\n  margin: -400px 0px 0px 0px;\n}\n<\/style>\n\t<\/div>\n\n\t\n\n\t<div id=\"col-179362220\" class=\"col medium-6 small-12 large-6\"  >\n\t\t\t\t<div class=\"col-inner\"  >\n\t\t\t\n\t\t\t\n\n  <div class=\"banner has-hover\" id=\"banner-474599716\">\n          <div class=\"banner-inner fill\">\n        <div class=\"banner-bg fill\" >\n            <img loading=\"lazy\" decoding=\"async\" width=\"1600\" height=\"896\" src=\"https:\/\/ducanovanilla.com\/wp-content\/uploads\/2025\/09\/Namnlos-design-9.jpg\" class=\"bg attachment-original size-original\" alt=\"\" \/>                                    \n                    <\/div>\n\t\t\n        <div class=\"banner-layers container\">\n            <div class=\"fill banner-link\"><\/div>            \n   <div id=\"text-box-1425602359\" class=\"text-box banner-layer x50 md-x50 lg-x50 y50 md-y50 lg-y50 res-text\">\n                                <div class=\"text-box-content text dark\">\n              \n              <div class=\"text-inner text-center\">\n                  \n              <\/div>\n           <\/div>\n                            \n<style>\n#text-box-1425602359 {\n  width: 60%;\n}\n#text-box-1425602359 .text-box-content {\n  font-size: 100%;\n}\n<\/style>\n    <\/div>\n \n        <\/div>\n      <\/div>\n\n            \n<style>\n#banner-474599716 {\n  padding-top: 369px;\n}\n#banner-474599716 .banner-bg img {\n  object-position: 20% 10%;\n}\n<\/style>\n  <\/div>\n\n\n\t\t<\/div>\n\t\t\t\t\n<style>\n#col-179362220 > .col-inner {\n  padding: 0px 0px 0px 0px;\n  margin: -400px 0px 0px 0px;\n}\n<\/style>\n\t<\/div>\n\n\t\n\n<style>\n#row-2014463358 > .col > .col-inner {\n  padding: 60px 0px 40px 0px;\n}\n<\/style>\n<\/div>\n\t\t<\/div>\n\n\t\t\n<style>\n#section_304535385 {\n  padding-top: 0px;\n  padding-bottom: 0px;\n}\n<\/style>\n\t<\/section>\n\t\n<div class=\"row row-collapse align-equal\"  id=\"row-231841037\">\n\n\t<div id=\"col-891280782\" class=\"col medium-12 small-12 large-6\"  >\n\t\t\t\t<div class=\"col-inner\"  >\n\t\t\t\n\t\t\t\n\t<div id=\"text-2395234733\" class=\"text\">\n\t\t\n<h3>Il nostro lavoro<\/h3>\n\t\t\n<style>\n#text-2395234733 {\n  font-size: 2rem;\n  line-height: 1;\n}\n@media (min-width:550px) {\n  #text-2395234733 {\n    font-size: 1.4rem;\n  }\n}\n<\/style>\n\t<\/div>\n\t\n<div class=\"is-divider divider clearfix\" style=\"max-width:80px;background-color:rgb(37, 113, 38);\"><\/div>\n<p>Ducano Vanilla fa parte di Ducano AB, un'azienda svedese specializzata nell'approvvigionamento e nella lavorazione di vaniglia di alta qualit\u00e0.<\/p>\n<p>Con una solida base operativa in Svezia, combiniamo il know-how malgascio nella coltivazione con gli standard di qualit\u00e0 europei per offrire soluzioni di vaniglia affidabili per l'industria alimentare, le aziende di aromi e i grossisti.<\/p>\n<p>Il nostro lavoro inizia in Madagascar, dove collaboriamo strettamente con agricoltori, cooperative ed esportatori. Queste partnership ci permettono di assicurarci materie prime coerenti e di alta qualit\u00e0, di garantire la piena tracciabilit\u00e0 e di sostenere lo sviluppo sostenibile delle comunit\u00e0 in cui la vaniglia viene coltivata.<\/p>\n<p>Oggi, Ducano Vanilla rifornisce clienti in Europa, Nord America e Medio Oriente.<\/p>\n<a href=\"https:\/\/ducanovanilla.com\/wp-content\/uploads\/2025\/11\/Ducano-Vanilla-Company-Profile-EN-2.pdf\" target=\"_blank\" class=\"button primary is-outline expand\" rel=\"noopener\" >\n\t\t<span>il nostro profilo aziendale<\/span>\n\t<\/a>\n\n\t\t<\/div>\n\t\t\t\t\n<style>\n#col-891280782 > .col-inner {\n  padding: 40px 15% 30px 15%;\n}\n@media (min-width:550px) {\n  #col-891280782 > .col-inner {\n    padding: 60px 15% 60px 15%;\n  }\n}\n@media (min-width:850px) {\n  #col-891280782 > .col-inner {\n    padding: 20px 40px 7px 40px;\n  }\n}\n<\/style>\n\t<\/div>\n\n\t\n\n\t<div id=\"col-1939511723\" class=\"col medium-6 small-12 large-6\"  >\n\t\t\t\t<div class=\"col-inner\"  >\n\t\t\t\n\t\t\t\n\n  <div class=\"banner has-hover\" id=\"banner-918508781\">\n          <div class=\"banner-inner fill\">\n        <div class=\"banner-bg fill\" >\n            <img loading=\"lazy\" decoding=\"async\" width=\"2560\" height=\"1706\" src=\"https:\/\/ducanovanilla.com\/wp-content\/uploads\/2025\/11\/ducano-vanilla-sweden-production-team-scaled.jpg\" class=\"bg attachment-original size-original\" alt=\"\" \/>                                    \n                    <\/div>\n\t\t\n        <div class=\"banner-layers container\">\n            <div class=\"fill banner-link\"><\/div>            \n   <div id=\"text-box-956763797\" class=\"text-box banner-layer x50 md-x50 lg-x50 y50 md-y50 lg-y50 res-text\">\n                                <div class=\"text-box-content text dark\">\n              \n              <div class=\"text-inner text-center\">\n                  \n              <\/div>\n           <\/div>\n                            \n<style>\n#text-box-956763797 {\n  width: 60%;\n}\n#text-box-956763797 .text-box-content {\n  font-size: 100%;\n}\n<\/style>\n    <\/div>\n \n        <\/div>\n      <\/div>\n\n            \n<style>\n#banner-918508781 {\n  padding-top: 67.96%;\n}\n<\/style>\n  <\/div>\n\n\n\t\t<\/div>\n\t\t\t\t\t<\/div>\n\n\t\n\n<style>\n#row-231841037 > .col > .col-inner {\n  background-color: rgb(255,255,255);\n}\n<\/style>\n<\/div>\n\t<div id=\"gap-3204735\" class=\"gap-element clearfix\" style=\"display:block; height:auto;\">\n\t\t\n<style>\n#gap-3204735 {\n  padding-top: 30px;\n}\n<\/style>\n\t<\/div>\n\t\n<div class=\"row row-collapse align-equal\"  id=\"row-1346613288\">\n\n\t<div id=\"col-699113777\" class=\"col medium-5 small-12 large-5\"  >\n\t\t\t\t<div class=\"col-inner\"  >\n\t\t\t\n\t\t\t\n\n  <div class=\"banner has-hover\" id=\"banner-1585854958\">\n          <div class=\"banner-inner fill\">\n        <div class=\"banner-bg fill\" >\n            <img loading=\"lazy\" decoding=\"async\" width=\"2560\" height=\"1706\" src=\"https:\/\/ducanovanilla.com\/wp-content\/uploads\/2025\/11\/ducano-farmer-andreas-vanilla-scaled.jpg\" class=\"bg attachment-original size-original\" alt=\"\" \/>                                    \n                    <\/div>\n\t\t\n        <div class=\"banner-layers container\">\n            <div class=\"fill banner-link\"><\/div>            \n   <div id=\"text-box-2024238217\" class=\"text-box banner-layer x50 md-x50 lg-x50 y50 md-y50 lg-y50 res-text\">\n                                <div class=\"text-box-content text dark\">\n              \n              <div class=\"text-inner text-center\">\n                  \n              <\/div>\n           <\/div>\n                            \n<style>\n#text-box-2024238217 {\n  width: 60%;\n}\n#text-box-2024238217 .text-box-content {\n  font-size: 100%;\n}\n<\/style>\n    <\/div>\n \n        <\/div>\n      <\/div>\n\n            \n<style>\n#banner-1585854958 {\n  padding-top: 88.05%;\n}\n<\/style>\n  <\/div>\n\n\n\t\t<\/div>\n\t\t\t\t\t<\/div>\n\n\t\n\n\t<div id=\"col-540736282\" class=\"col medium-12 small-12 large-7\"  >\n\t\t\t\t<div class=\"col-inner\"  >\n\t\t\t\n\t\t\t\n\t<div id=\"text-469767661\" class=\"text\">\n\t\t\n<h3>Portare la vaniglia a un nuovo livello<\/h3>\n\t\t\n<style>\n#text-469767661 {\n  font-size: 2rem;\n  line-height: 1;\n}\n@media (min-width:550px) {\n  #text-469767661 {\n    font-size: 1.4rem;\n  }\n}\n<\/style>\n\t<\/div>\n\t\n<div class=\"is-divider divider clearfix\" style=\"max-width:80px;background-color:rgb(37, 113, 38);\"><\/div>\n<h3>\u00a0<\/h3>\n<h3><img loading=\"lazy\" decoding=\"async\" class=\"alignnone  wp-image-2072\" src=\"https:\/\/ducanovanilla.com\/wp-content\/uploads\/2025\/11\/Din-stycketext-11-400x400.png\" alt=\"\" width=\"40\" height=\"40\" srcset=\"https:\/\/ducanovanilla.com\/wp-content\/uploads\/2025\/11\/Din-stycketext-11-400x400.png 400w, https:\/\/ducanovanilla.com\/wp-content\/uploads\/2025\/11\/Din-stycketext-11-300x300.png 300w, https:\/\/ducanovanilla.com\/wp-content\/uploads\/2025\/11\/Din-stycketext-11-100x100.png 100w, https:\/\/ducanovanilla.com\/wp-content\/uploads\/2025\/11\/Din-stycketext-11.png 500w\" sizes=\"auto, (max-width: 40px) 100vw, 40px\" \/> Missione<\/h3>\n<p>Portare la vaniglia a un nuovo livello, attraverso una garanzia di qualit\u00e0 eccezionale, una tracciabilit\u00e0 completa, operazioni certificate e partnership a lungo termine che creano un valore reale lungo l'intera catena di fornitura.\u00a0<\/p>\n<h3><img loading=\"lazy\" decoding=\"async\" class=\"alignnone  wp-image-2071\" src=\"https:\/\/ducanovanilla.com\/wp-content\/uploads\/2025\/11\/Din-stycketext-10-400x400.png\" alt=\"\" width=\"39\" height=\"39\" srcset=\"https:\/\/ducanovanilla.com\/wp-content\/uploads\/2025\/11\/Din-stycketext-10-400x400.png 400w, https:\/\/ducanovanilla.com\/wp-content\/uploads\/2025\/11\/Din-stycketext-10-300x300.png 300w, https:\/\/ducanovanilla.com\/wp-content\/uploads\/2025\/11\/Din-stycketext-10-100x100.png 100w, https:\/\/ducanovanilla.com\/wp-content\/uploads\/2025\/11\/Din-stycketext-10.png 500w\" sizes=\"auto, (max-width: 39px) 100vw, 39px\" \/> Visione<\/h3>\n<div>\n<div>\n<div>\n<p>Essere il partner pi\u00f9 fidato e affidabile nella fornitura di vaniglia certificata di alta qualit\u00e0 ai clienti di tutto il mondo.<\/p>\n<\/div>\n<\/div>\n<\/div>\n\t\t<\/div>\n\t\t\t\t\n<style>\n#col-540736282 > .col-inner {\n  padding: 40px 15% 30px 15%;\n}\n@media (min-width:550px) {\n  #col-540736282 > .col-inner {\n    padding: 60px 15% 60px 15%;\n  }\n}\n@media (min-width:850px) {\n  #col-540736282 > .col-inner {\n    padding: 20px 40px 40px 40px;\n  }\n}\n<\/style>\n\t<\/div>\n\n\t\n\n<style>\n#row-1346613288 > .col > .col-inner {\n  background-color: rgb(255,255,255);\n}\n<\/style>\n<\/div>\n\n\t<section class=\"section\" id=\"section_1957086809\">\n\t\t<div class=\"section-bg fill\" >\n\t\t\t\t\t\t\t\t\t\n\t\t\t\n\n\t\t<\/div>\n\n\t\t\n\n\t\t<div class=\"section-content relative\">\n\t\t\t\n<div class=\"row row-collapse align-equal\"  id=\"row-1575274443\">\n\n\t<div id=\"col-1885566268\" class=\"col medium-7 small-12 large-7\"  >\n\t\t\t\t<div class=\"col-inner\"  >\n\t\t\t\n\t\t\t\n\n  <div class=\"banner has-hover\" id=\"banner-317806097\">\n          <div class=\"banner-inner fill\">\n        <div class=\"banner-bg fill\" >\n            <img loading=\"lazy\" decoding=\"async\" width=\"2560\" height=\"1440\" src=\"https:\/\/ducanovanilla.com\/wp-content\/uploads\/2025\/11\/team-ducano-extract-vanilla-supplier-sweden-scandinavia-scaled.jpg\" class=\"bg attachment-original size-original\" alt=\"\" \/>                        <div class=\"overlay\"><\/div>            \n                    <\/div>\n\t\t\n        <div class=\"banner-layers container\">\n            <div class=\"fill banner-link\"><\/div>            \n   <div id=\"text-box-7928173\" class=\"text-box banner-layer x50 md-x50 lg-x50 y50 md-y50 lg-y50 res-text\">\n                                <div class=\"text-box-content text dark\">\n              \n              <div class=\"text-inner text-center\">\n                  \n              <\/div>\n           <\/div>\n                            \n<style>\n#text-box-7928173 {\n  width: 60%;\n}\n#text-box-7928173 .text-box-content {\n  font-size: 100%;\n}\n@media (min-width:550px) {\n  #text-box-7928173 {\n    width: 60%;\n  }\n}\n<\/style>\n    <\/div>\n \n        <\/div>\n      <\/div>\n\n            \n<style>\n#banner-317806097 {\n  padding-top: 250px;\n  background-color: rgba(255, 255, 255, 0);\n}\n#banner-317806097 .overlay {\n  background-color: rgba(0, 0, 0, 0.25);\n}\n#banner-317806097 .banner-bg img {\n  object-position: 36% 94%;\n}\n@media (min-width:550px) {\n  #banner-317806097 {\n    padding-top: 400px;\n  }\n}\n<\/style>\n  <\/div>\n\n\n\t\t<\/div>\n\t\t\t\t\t<\/div>\n\n\t\n\n\t<div id=\"col-1881177426\" class=\"col medium-5 small-12 large-5\"  >\n\t\t\t\t<div class=\"col-inner text-left\" style=\"background-color:rgb(255,255,255);\" >\n\t\t\t\n\t\t\t\n\t<div id=\"text-1736834071\" class=\"text\">\n\t\t\n<h3>Mettetevi in contatto con il nostro team<\/h3>\n\t\t\n<style>\n#text-1736834071 {\n  font-size: 1.55rem;\n  line-height: 1.05;\n  text-align: left;\n}\n<\/style>\n\t<\/div>\n\t\n\t<div id=\"text-775387658\" class=\"text\">\n\t\t\n<p>Saremo lieti di aiutarvi con informazioni sui prodotti, certificazioni o campioni.<\/p>\n\t\t\n<style>\n#text-775387658 {\n  font-size: 1rem;\n  text-align: left;\n}\n<\/style>\n\t<\/div>\n\t\n<a href=\"https:\/\/ducanovanilla.com\/it\/contattateci\/\" class=\"button primary\" >\n\t\t<span>contatto<\/span>\n\t<\/a>\n\n\t\t<\/div>\n\t\t\t\t\n<style>\n#col-1881177426 > .col-inner {\n  padding: 15% 10px 15% 10%;\n}\n<\/style>\n\t<\/div>\n\n\t\n\n<style>\n#row-1575274443 > .col > .col-inner {\n  background-color: rgb(255,255,255);\n}\n<\/style>\n<\/div>\n\t\t<\/div>\n\n\t\t\n<style>\n#section_1957086809 {\n  padding-top: 30px;\n  padding-bottom: 30px;\n}\n<\/style>\n\t<\/section>","protected":false},"excerpt":{"rendered":"","protected":false},"author":1,"featured_media":0,"parent":0,"menu_order":0,"comment_status":"closed","ping_status":"closed","template":"page-blank.php","meta":{"footnotes":""},"class_list":["post-889","page","type-page","status-publish","hentry"],"_links":{"self":[{"href":"https:\/\/ducanovanilla.com\/it\/wp-json\/wp\/v2\/pages\/889","targetHints":{"allow":["GET"]}}],"collection":[{"href":"https:\/\/ducanovanilla.com\/it\/wp-json\/wp\/v2\/pages"}],"about":[{"href":"https:\/\/ducanovanilla.com\/it\/wp-json\/wp\/v2\/types\/page"}],"author":[{"embeddable":true,"href":"https:\/\/ducanovanilla.com\/it\/wp-json\/wp\/v2\/users\/1"}],"replies":[{"embeddable":true,"href":"https:\/\/ducanovanilla.com\/it\/wp-json\/wp\/v2\/comments?post=889"}],"version-history":[{"count":108,"href":"https:\/\/ducanovanilla.com\/it\/wp-json\/wp\/v2\/pages\/889\/revisions"}],"predecessor-version":[{"id":2286,"href":"https:\/\/ducanovanilla.com\/it\/wp-json\/wp\/v2\/pages\/889\/revisions\/2286"}],"wp:attachment":[{"href":"https:\/\/ducanovanilla.com\/it\/wp-json\/wp\/v2\/media?parent=889"}],"curies":[{"name":"wp","href":"https:\/\/api.w.org\/{rel}","templated":true}]}}